{"id":1949,"date":"2018-07-30T17:01:26","date_gmt":"2018-07-30T15:01:26","guid":{"rendered":"http:\/\/www.slovokult.eu\/?page_id=1949"},"modified":"2018-07-30T17:18:17","modified_gmt":"2018-07-30T15:18:17","slug":"ilija-djurovic","status":"publish","type":"page","link":"http:\/\/www.slovokult.eu\/index.php\/avtori\/poezija\/ilija-djurovic\/","title":{"rendered":"::Ilija Djurovic::  \u0418\u043b\u0438\u0458\u0430 \u0403\u0443\u0440\u043e\u0432\u0438\u045c::"},"content":{"rendered":"<h5>:: \u0418\u043b\u0438\u0458\u0430 \u0403\u0443\u0440\u043e\u0432\u0438\u045c::\u00a0\u0418\u043b\u0438\u0458\u0430 \u0402\u0443\u0440\u043e\u0432\u0438\u045b::<\/h5>\n<figure id=\"attachment_1952\" aria-describedby=\"caption-attachment-1952\" style=\"width: 200px\" class=\"wp-caption alignnone\"><img decoding=\"async\" loading=\"lazy\" class=\"size-medium wp-image-1952\" src=\"http:\/\/www.slovokult.eu\/wp-content\/uploads\/2018\/07\/MEAT-original-author-Ilija-Durovic-photo-by-Ivan-Cojbacic-200x300.jpg\" alt=\"\" width=\"200\" height=\"300\" srcset=\"http:\/\/www.slovokult.eu\/wp-content\/uploads\/2018\/07\/MEAT-original-author-Ilija-Durovic-photo-by-Ivan-Cojbacic-200x300.jpg 200w, http:\/\/www.slovokult.eu\/wp-content\/uploads\/2018\/07\/MEAT-original-author-Ilija-Durovic-photo-by-Ivan-Cojbacic-400x600.jpg 400w, http:\/\/www.slovokult.eu\/wp-content\/uploads\/2018\/07\/MEAT-original-author-Ilija-Durovic-photo-by-Ivan-Cojbacic.jpg 640w\" sizes=\"(max-width: 200px) 100vw, 200px\" \/><figcaption id=\"caption-attachment-1952\" class=\"wp-caption-text\">photo by Ivan \u010cojba\u010di\u0107<\/figcaption><\/figure>\n<h5>Ilija Djurovic<\/h5>\n<figure id=\"attachment_1954\" aria-describedby=\"caption-attachment-1954\" style=\"width: 150px\" class=\"wp-caption alignleft\"><img decoding=\"async\" loading=\"lazy\" class=\"wp-image-1954 size-thumbnail\" src=\"http:\/\/www.slovokult.eu\/wp-content\/uploads\/2018\/07\/Shulakovski_\u201e\u041d\u0435\u0431\u0435\u0441\u043d\u0438-\u0441\u043e\u0431\u0438\u0442\u0438\u0458\u0430\u201c-\u0430\u043a\u0440\u0438\u043b-\u043d\u0430-\u043f\u043b\u0430\u0442\u043d\u043e-70\u0441\u043c-\u0445-80\u0441\u043c-2016-\u0433\u043e\u0434-150x150.jpg\" alt=\"\" width=\"150\" height=\"150\" \/><figcaption id=\"caption-attachment-1954\" class=\"wp-caption-text\">\u0422\u043e\u043d\u0438 \u0428\u0443\u043b\u0430\u0458\u043a\u043e\u0432\u0441\u043a\u0438:: \u041d\u0435\u0431\u0435\u0441\u043d\u0438 \u0441\u043e\u0431\u0438\u0442\u0438\u0458\u0430:: 2016<\/figcaption><\/figure>\n<p><a href=\"http:\/\/www.slovokult.eu\/index.php\/avtori\/poezija\/ilija-djurovic\/k-makedonski\/\"><strong>\u041a &#8211; \u043c\u0430\u043a\u0435\u0434\u043e\u043d\u0441\u043a\u0438<\/strong><\/a><\/p>\n<p><a href=\"http:\/\/www.slovokult-literatur.de\/index.php\/gedicht-und-bild\/18-ilija-djurovic\/k-original\/\" target=\"_blank\" rel=\"noopener\"><strong>\u041a &#8211; \u0441\u0440\u043f\u0441\u043a\u0438 (\u0426\u0440\u043d\u0430 \u0413\u043e\u0440\u0430)<\/strong><\/a><\/p>\n<p><a href=\"http:\/\/www.slovokult-literatur.de\/index.php\/gedicht-und-bild\/18-ilija-djurovic\/\" target=\"_blank\" rel=\"noopener\"><strong>\u041a- \u0433\u0435\u0440\u043c\u0430\u043d\u0441\u043a\u0438<\/strong><\/a><\/p>\n","protected":false},"excerpt":{"rendered":"<p>:: \u0418\u043b\u0438\u0458\u0430 \u0403\u0443\u0440\u043e\u0432\u0438\u045c::\u00a0\u0418\u043b\u0438\u0458\u0430 \u0402\u0443\u0440\u043e\u0432\u0438\u045b:: Ilija Djurovic \u041a &#8211; \u043c\u0430\u043a\u0435\u0434\u043e\u043d\u0441\u043a\u0438 \u041a &#8211; \u0441\u0440\u043f\u0441\u043a\u0438 (\u0426\u0440\u043d\u0430 \u0413\u043e\u0440\u0430) \u041a- \u0433\u0435\u0440\u043c\u0430\u043d\u0441\u043a\u0438<\/p>\n","protected":false},"author":1,"featured_media":1954,"parent":685,"menu_order":0,"comment_status":"closed","ping_status":"closed","template":"","meta":{"footnotes":""},"_links":{"self":[{"href":"http:\/\/www.slovokult.eu\/index.php\/wp-json\/wp\/v2\/pages\/1949"}],"collection":[{"href":"http:\/\/www.slovokult.eu\/index.php\/wp-json\/wp\/v2\/pages"}],"about":[{"href":"http:\/\/www.slovokult.eu\/index.php\/wp-json\/wp\/v2\/types\/page"}],"author":[{"embeddable":true,"href":"http:\/\/www.slovokult.eu\/index.php\/wp-json\/wp\/v2\/users\/1"}],"replies":[{"embeddable":true,"href":"http:\/\/www.slovokult.eu\/index.php\/wp-json\/wp\/v2\/comments?post=1949"}],"version-history":[{"count":4,"href":"http:\/\/www.slovokult.eu\/index.php\/wp-json\/wp\/v2\/pages\/1949\/revisions"}],"predecessor-version":[{"id":1964,"href":"http:\/\/www.slovokult.eu\/index.php\/wp-json\/wp\/v2\/pages\/1949\/revisions\/1964"}],"up":[{"embeddable":true,"href":"http:\/\/www.slovokult.eu\/index.php\/wp-json\/wp\/v2\/pages\/685"}],"wp:featuredmedia":[{"embeddable":true,"href":"http:\/\/www.slovokult.eu\/index.php\/wp-json\/wp\/v2\/media\/1954"}],"wp:attachment":[{"href":"http:\/\/www.slovokult.eu\/index.php\/wp-json\/wp\/v2\/media?parent=1949"}],"curies":[{"name":"wp","href":"https:\/\/api.w.org\/{rel}","templated":true}]}}