{"id":3234,"date":"2019-04-04T01:11:45","date_gmt":"2019-04-03T23:11:45","guid":{"rendered":"http:\/\/www.slovokult.eu\/?page_id=3234"},"modified":"2019-05-11T16:36:47","modified_gmt":"2019-05-11T14:36:47","slug":"vladimir-lukash","status":"publish","type":"page","link":"http:\/\/www.slovokult.eu\/index.php\/avtori\/proza\/vladimir-lukash\/","title":{"rendered":"::\u0412\u043b\u0430\u0434\u0438\u043c\u0438\u0440 \u041b\u0443\u043a\u0430\u0448::"},"content":{"rendered":"<p><strong><img decoding=\"async\" loading=\"lazy\" class=\"size-medium wp-image-1260 alignleft\" src=\"http:\/\/www.slovokult.eu\/wp-content\/uploads\/2018\/01\/Lukash-portret-1-300x196.jpg\" alt=\"\" width=\"300\" height=\"196\" srcset=\"http:\/\/www.slovokult.eu\/wp-content\/uploads\/2018\/01\/Lukash-portret-1-300x196.jpg 300w, http:\/\/www.slovokult.eu\/wp-content\/uploads\/2018\/01\/Lukash-portret-1-768x503.jpg 768w, http:\/\/www.slovokult.eu\/wp-content\/uploads\/2018\/01\/Lukash-portret-1-1024x670.jpg 1024w, http:\/\/www.slovokult.eu\/wp-content\/uploads\/2018\/01\/Lukash-portret-1-400x262.jpg 400w\" sizes=\"(max-width: 300px) 100vw, 300px\" \/><\/strong><\/p>\n<p><strong>\u0412\u043b\u0430\u0434\u0438\u043c\u0438\u0440 \u041b\u0443\u043a\u0430\u0448 <\/strong>\u0435 \u0440\u043e\u0434\u0435\u043d \u0432\u043e \u0414\u0440\u0436\u0430\u0432\u043d\u0430\u0442\u0430 \u0431\u043e\u043b\u043d\u0438\u0446\u0430 \u0432\u043e \u0421\u043a\u043e\u043f\u0458\u0435. \u0418\u043c\u0435\u0442\u043e \u043d\u0430 \u0431\u0430\u0431\u0438\u0446\u0430\u0442\u0430 \u043a\u043e\u0458\u0430 \u0433\u043e \u0438\u0437\u0432\u043b\u0435\u0447\u0435 \u043e\u0434 \u0441\u0442\u043e\u043c\u0430\u043a\u043e\u0442 \u043d\u0430 \u043c\u0430\u0458\u043a\u0430 \u043c\u0443 \u0433\u043e \u0447\u0443\u0432\u0430 \u0432\u043e \u043d\u0430\u0458\u0433\u043e\u043b\u0435\u043c\u0430 \u0442\u0430\u0458\u043d\u043e\u0441\u0442. \u041f\u0440\u0432\u043e \u0432\u043d\u0443\u0447\u0435 \u0432\u043e \u0444\u0430\u043c\u0438\u043b\u0438\u0458\u0430. \u0418\u043c\u0430 \u043f\u0440\u043e\u0441\u0435\u0434\u0430 \u043a\u043e\u0441\u0430, \u043a\u0440\u0430\u0442\u043a\u0430 \u0431\u0440\u0430\u0434\u0430 \u0438 \u0435\u0434\u0435\u043d \u0440\u0430\u0441\u0438\u043f\u0430\u043d \u0437\u0430\u0431. \u0412\u0435\u0440\u0443\u0432\u0430 \u0432\u043e \u043e\u0442\u0441\u0443\u0441\u0442\u0432\u043e\u0442\u043e \u043d\u0430 \u0411\u043e\u0433. \u0416\u0438\u0432\u0435\u0435 \u0438 \u0440\u0430\u0431\u043e\u0442\u0438 \u0432\u043e \u0421\u043a\u043e\u043f\u0458\u0435. \u041d\u0435\u043a\u043e\u0433\u0430\u0448 \u045c\u0435 \u0433\u043e \u043d\u0435\u043c\u0430, \u043d\u043e \u0441\u0435\u0433\u0430 \u0435 \u0442\u0443\u043a\u0430 \u0438 \u0432\u0435 \u0433\u043b\u0435\u0434\u0430 \u0448\u0442\u043e \u043f\u0440\u0430\u0432\u0438\u0442\u0435. \u0412\u043d\u0438\u043c\u0430\u0432\u0430\u0458\u0442\u0435.<\/p>\n<p>\u0411\u0438\u043e\u0433\u0440\u0430\u0444\u0438\u0458\u0430 \u043d\u0430 \u0433\u0435\u0440\u043c\u0430\u043d\u0441\u043a\u0438 \u0438 \u0430\u043d\u0433\u043b\u0438\u0441\u043a\u0438 \u043d\u0430 <strong>SlovoKult::Literatur\/a Berlin<\/strong><\/p>\n<blockquote class=\"wp-embedded-content\" data-secret=\"djC3EGn92j\"><p><a href=\"http:\/\/www.slovokult-literatur.de\/index.php\/kunst\/vladimir-lukash\/\">::Vladimir Lukash::<\/a><\/p><\/blockquote>\n<p><iframe class=\"wp-embedded-content\" sandbox=\"allow-scripts\" security=\"restricted\" style=\"position: absolute; clip: rect(1px, 1px, 1px, 1px);\" src=\"http:\/\/www.slovokult-literatur.de\/index.php\/kunst\/vladimir-lukash\/embed\/#?secret=djC3EGn92j\" data-secret=\"djC3EGn92j\" width=\"600\" height=\"338\" title=\"&#8222;::Vladimir Lukash::&#8220; &#8212; SlovoKult::Literatur\/a\" frameborder=\"0\" marginwidth=\"0\" marginheight=\"0\" scrolling=\"no\"><\/iframe><\/p>\n<p>\u041d\u0435\u0433\u043e\u0432\u0438 \u0434\u0435\u043b\u0430 \u0438\u043c\u0430\u0448\u0435 \u0438 \u043d\u0430 \u0444\u0435\u0441\u0442\u0438\u0432\u0430\u043b\u043e\u0442 SlovoKult::literARTour 2018 \u0432\u043e \u0413\u0435\u0432\u0433\u0435\u043b\u0438\u0458\u0430, \u0421\u043a\u043e\u043f\u0458\u0435 \u0438 \u0411\u0435\u0440\u043b\u0438\u043d, \u0430 \u043f\u043e\u0432\u0435\u045c\u0435 \u043b\u0438\u043a\u043e\u0432\u043d\u0438 \u0434\u0435\u043b\u0430 \u0441\u0435 \u0437\u0430\u0441\u0442\u0430\u043f\u0435\u043d\u0438 \u0432\u043e \u0444\u0435\u0441\u0442\u0438\u0432\u0430\u043b\u0441\u043a\u0430\u0442\u0430 \u0430\u043d\u0442\u043e\u043b\u043e\u0433\u0438\u0458\u0430::<\/p>\n<p>\u041d\u0430 \u0421\u043b\u043e\u0432\u043e\u041a\u0443\u043b\u0442 \u045c\u0435 \u043d\u0430\u0458\u0434\u0435\u0442\u0435 \u043d\u0435\u0433\u043e\u0432\u0430 \u043a\u0440\u0430\u0442\u043a\u0430 \u043f\u0440\u043e\u0437\u0430 \u043d\u0430 \u043c\u0430\u043a\u0435\u0434\u043e\u043d\u0441\u043a\u0438 \u0438 \u0433\u0435\u0440\u043c\u0430\u043d\u0441\u043a\u0438 \u0438 \u0441\u043b\u0438\u043a\u0438 \u043d\u0430 \u043c\u0430\u043a\u0435\u0434\u043e\u043d\u0441\u043a\u0438\u043e\u0442 \u0438 \u0433\u0435\u0440\u043c\u0430\u043d\u0441\u043a\u0438\u043e\u0442 \u0421\u043b\u043e\u0432\u043e\u041a\u0443\u043b\u0442::\u00a0\u0412\u043e \u0440\u0443\u0431\u0440\u0438\u043a\u0430\u0442\u0430::<\/p>\n<p><a href=\"http:\/\/www.slovokult.eu\/index.php\/iskaz-izraz\/\"><strong>\u0418\u0421\u041a\u0410\u0417::\u0418\u0417\u0420\u0410\u0417<\/strong><\/a><\/p>\n<h5>\u00a0<strong><a href=\"http:\/\/www.slovokult.eu\/index.php\/iskaz-izraz\/\"><img decoding=\"async\" loading=\"lazy\" class=\"wp-image-1262 size-thumbnail alignleft\" src=\"http:\/\/www.slovokult.eu\/wp-content\/uploads\/2018\/01\/Hanna-Hennenkemper-Sehnsucht-150x150.jpg\" alt=\"\" width=\"150\" height=\"150\" \/><\/a>\u00a0::01::\u00a0<\/strong><a href=\"http:\/\/www.slovokult.eu\/index.php\/iskaz-izraz\/01-vladimir-lukash-hanna-hennenkemper\/\">\u0418\u0441\u043a\u0430\u0437::\u0412\u043b\u0430\u0434\u0438\u043c\u0438\u0440 \u041b\u0443\u043a\u0430\u0448::\u00a0<\/a><strong>Ein kleines Wiegenlied<\/strong><\/h5>\n<p>\u0415\u0434\u043d\u043e \u0431\u0435\u0431\u0435 \u043f\u043e\u0458\u0434\u0435 \u0434\u0430 \u0441\u0435 \u0442\u0435\u0442\u043e\u0432\u0438\u0440\u0430. \u201e\u0421\u0430\u043a\u0430\u043c \u0434\u0430 \u043c\u0438 \u0433\u043e \u0438\u0441\u0442\u0435\u0442\u043e\u0432\u0438\u0440\u0430\u0448 \u0441\u0438\u043e\u0442 \u043c\u043e\u0458 \u0438\u0434\u0435\u043d \u0436\u0438\u0432\u043e\u0442.\u201c, \u043c\u0443 \u0440\u0435\u0447\u0435 \u043d\u0430 \u0442\u0430\u0442\u0443-\u043c\u0430\u0458\u0441\u0442\u043e\u0440\u043e\u0442, \u0441\u0438 \u0458\u0430 \u0441\u0442\u0430\u0432\u0438 \u0446\u0443\u0446\u043b\u0430\u0442\u0430 \u0432\u043e \u0443\u0441\u0442\u0430 \u0438 \u0443\u0434\u043e\u0431\u043d\u043e \u0441\u0435 \u0441\u043c\u0435\u0441\u0442\u0438 \u043d\u0430 \u043c\u0430\u0441\u0438\u0447\u043a\u0430\u0442\u0430 \u0437\u0430 \u0442\u0435\u0442\u043e\u0432\u0438\u0440\u0430\u045a\u0435.<\/p>\n<h5><\/h5>\n<h5><a href=\"http:\/\/www.slovokult.eu\/index.php\/iskaz-izraz\/01-vladimir-lukash-hanna-hennenkemper\/\">\u0418\u0437\u0440\u0430\u0437::\u0425\u0430\u043d\u0430 \u0425\u0435\u043d\u0435\u043d\u043a\u0435\u043c\u043f\u0435\u0440::<\/a><\/h5>\n<p>\u0438\u0441\u0442\u043e\u0442\u043e \u0438 \u043d\u0430 \u0433\u0435\u0440\u043c\u0430\u043d\u0441\u043a\u0438::\u00a0<a href=\"http:\/\/www.slovokult-literatur.de\/index.php\/aussage-gegen-ausdruck\/\">AUSSAGE GEGEN AUSDRUCK<\/a><\/p>\n<h5><a href=\"http:\/\/www.slovokult-literatur.de\/index.php\/aussage-gegen-ausdruck\/02-vladimir-lukas-hanna-hennenkemper\/\">::02::Vladimir Luka\u0161::<strong>Ein kleines Wiegenlied<\/strong><\/a><\/h5>\n<p><img decoding=\"async\" loading=\"lazy\" class=\"wp-image-514 size-thumbnail alignleft\" src=\"http:\/\/www.slovokult-literatur.de\/wp-content\/uploads\/2018\/01\/Hanna-Hennenkemper-Sehnsucht-150x150.jpg\" sizes=\"(max-width: 150px) 100vw, 150px\" srcset=\"http:\/\/www.slovokult-literatur.de\/wp-content\/uploads\/2018\/01\/Hanna-Hennenkemper-Sehnsucht-150x150.jpg 150w, http:\/\/www.slovokult-literatur.de\/wp-content\/uploads\/2018\/01\/Hanna-Hennenkemper-Sehnsucht-180x180.jpg 180w, http:\/\/www.slovokult-literatur.de\/wp-content\/uploads\/2018\/01\/Hanna-Hennenkemper-Sehnsucht-300x300.jpg 300w, http:\/\/www.slovokult-literatur.de\/wp-content\/uploads\/2018\/01\/Hanna-Hennenkemper-Sehnsucht-600x600.jpg 600w\" alt=\"\" width=\"150\" height=\"150\" \/>Ein Baby ging sich t\u00e4towieren lassen.<\/p>\n<p>\u201eIch m\u00f6chte, dass du mir mein ganzes zuk\u00fcnftiges Leben eint\u00e4towierst\u201c,<\/p>\n<p>sagte es zum Tattoo-Meister \u2026<\/p>\n<h5><a href=\"http:\/\/www.slovokult-literatur.de\/index.php\/aussage-gegen-ausdruck\/02-vladimir-lukas-hanna-hennenkemper\/\"><strong>Hanna Hennenkemper::Sehnsucht, die sich an\u2026.<\/strong><\/a><\/h5>\n<h5><img decoding=\"async\" loading=\"lazy\" class=\"wp-image-2860 size-thumbnail alignleft\" src=\"http:\/\/www.slovokult.eu\/wp-content\/uploads\/2019\/02\/Milan-Andov-150x150.jpg\" alt=\"\" width=\"150\" height=\"150\" \/><strong>::06::<\/strong>\u00a0<a href=\"http:\/\/www.slovokult.eu\/index.php\/iskaz-izraz\/v-lukash-m-andov\/\">\u0418\u0441\u043a\u0430\u0437:: \u0412\u043b\u0430\u0434\u0438\u043c\u0438\u0440 \u041b\u0443\u043a\u0430\u0448<\/a><\/h5>\n<p><b>\u041f\u043e\u043b\u0443\u043f\u0440\u0438\u043a\u0430\u0437\u043d\u0430<\/b><br \/>\n\u0421\u0435 \u043f\u0440\u0435\u0441\u0435\u043a\u043e\u0432 \u043d\u0430 \u043f\u043e\u043b\u0430. \u0415\u0434\u043d\u0430\u0442\u0430 \u043c\u043e\u0458\u0430 \u043f\u043e\u043b\u043e\u0432\u0438\u043d\u0430 \u0441\u0430\u043a\u0430\u0448\u0435 \u0431\u0440\u0438\u043d\u0435\u0442\u0438, \u0434\u0440\u0443\u0433\u0430\u0442\u0430 \u0431\u043b\u043e\u043d\u0434\u0438\u043a\u0438.\u00a0\u0415\u0434\u043d\u0430\u0442\u0430 \u043c\u043e\u0458\u0430 \u043f\u043e\u043b\u043e\u0432\u0438\u043d\u0430 \u0441\u0430\u043a\u0430\u0448\u0435 \u043a\u043b\u0430\u0441\u0438\u0447\u043d\u0430 \u043c\u0443\u0437\u0438\u043a\u0430, \u0434\u0440\u0443\u0433\u0430\u0442\u0430 \u0442\u0443\u0440\u0431\u043e\u0444\u043e\u043b\u043a.<\/p>\n<h5><a href=\"http:\/\/www.slovokult.eu\/index.php\/iskaz-izraz\/v-lukash-m-andov\/\"><strong>\u0418\u0437\u0440\u0430\u0437::\u00a0\u041c\u0438\u043b\u0430\u043d \u0410\u043d\u0434\u043e\u0432<\/strong><\/a><\/h5>\n<p>\u0412\u043e \u0440\u0443\u0431\u0440\u0438\u043a\u0430\u0442\u0430 <a href=\"http:\/\/www.slovokult.eu\/index.php\/stihotvorba-i-slika\/\">::\u0421\u0442\u0438\u0445\u0438\u0442\u0432\u043e\u0440\u0431\u0430 \u0438 \u0421\u043b\u0438\u043a\u0430::<\/a><\/p>\n<p style=\"text-align: left;\"><strong>1<\/strong><strong>2.08.18<\/strong><\/p>\n<p><img decoding=\"async\" loading=\"lazy\" class=\"wp-image-2090 size-thumbnail alignleft\" src=\"http:\/\/www.slovokult.eu\/wp-content\/uploads\/2018\/08\/Lukash-RichterL-150x150.jpg\" alt=\"\" width=\"150\" height=\"150\" \/><\/p>\n<p><strong><a href=\"http:\/\/www.slovokult.eu\/index.php\/avtori\/poezija\/aleksandar-kirkovski\/\">::\u0410\u043b\u0435\u043a\u0441\u0430\u043d\u0434\u0430\u0440 \u041a\u0438\u0440\u043a\u043e\u0432\u0441\u043a\u0438::\u00a0<\/a><\/strong><\/p>\n<p><strong><a href=\"http:\/\/www.slovokult.eu\/index.php\/avtori\/poezija\/aleksandar-kirkovski\/aleksandar-kirkovski-vladimir-lukas\/\" target=\"_blank\" rel=\"noopener\">::\u0413\u0430\u043b\u0430\u043c::<\/a><\/strong><\/p>\n<p style=\"text-align: left;\">\u0421\u043b\u0438\u043a\u0430::\u00a0<a href=\"http:\/\/www.slovokult.eu\/index.php\/avtori\/poezija\/aleksandar-kirkovski\/aleksandar-kirkovski-vladimir-lukas\/\"><strong>\u0412\u043b\u0430\u0434\u0438\u043c\u0438\u0440 \u041b\u0443\u043a\u0430\u0448<\/strong><\/a>:: <strong>\u0420\u0438\u0445\u0442\u0435\u0440<\/strong><\/p>\n<p>&nbsp;<\/p>\n<p>&nbsp;<\/p>\n<p>\u041e\u0434 \u0438\u0437\u043b\u043e\u0436\u0431\u0430\u0442\u0430 \u0438 \u043f\u0440\u043e\u0435\u043a\u0446\u0438\u0438\u0442\u0435 \u0432\u043e \u0413\u0435\u0432\u0433\u0435\u043b\u0438\u0458\u0430::\u00a0<strong>\u0411\u043e\u0448 \u0444\u0435\u0441\u0442\u0438\u0432\u0430\u043b 10::<\/strong><\/p>\n<p><img decoding=\"async\" src=\"http:\/\/www.slovokult.eu\/wp-content\/uploads\/2018\/09\/17.jpg\" \/><\/p>\n<p><img decoding=\"async\" src=\"http:\/\/www.slovokult.eu\/wp-content\/uploads\/2018\/09\/6.jpg\" \/><\/p>\n<p>\u0421\u043e \u043f\u0435\u0441\u043d\u0430 \u043e\u0434 \u0414.\u0410 \u041b\u043e\u0440\u0438.<\/p>\n<p>\u041e\u0434 \u0438\u0437\u043b\u043e\u0436\u0431\u0430\u0442\u0430 \u0438 \u043f\u0440\u043e\u0435\u043a\u0446\u0438\u0438\u0442\u0435 \u0432\u043e \u0421\u043a\u043e\u043f\u0458\u0435:: \u0413\u0430\u043b\u0435\u0440\u0438\u0458\u0430 \u0410\u043a\u0430\u043d\u0442\u0443\u0441<\/p>\n<p><img decoding=\"async\" src=\"http:\/\/www.slovokult.eu\/wp-content\/uploads\/2018\/09\/77.jpg\" \/><\/p>\n<p><img decoding=\"async\" src=\"http:\/\/www.slovokult.eu\/wp-content\/uploads\/2018\/09\/35.jpg\" \/><\/p>\n<p>\u0421\u043e \u043f\u0435\u0441\u043d\u0430 \u043e\u0434 \u0414.\u0410. \u041b\u043e\u0440\u0438<\/p>\n<p>\u041e\u0434 \u0438\u0437\u043b\u043e\u0436\u0431\u0430\u0442\u0430 \u0438 \u043f\u0440\u043e\u043a\u0435\u0446\u0438\u0438\u0442\u0435 \u0432\u043e \u0411\u0435\u0440\u043b\u0438\u043d::<\/p>\n<p><img decoding=\"async\" src=\"http:\/\/www.slovokult-literatur.de\/wp-content\/uploads\/2018\/11\/46134605_2231983973739485_7019569457659904000_n.jpg\" \/><\/p>\n<p><img decoding=\"async\" src=\"http:\/\/www.slovokult-literatur.de\/wp-content\/uploads\/2018\/11\/IMG_2259-e1542326113262.jpeg\" \/><\/p>\n<p>\u0421\u043e \u043f\u0435\u0441\u043d\u0430 \u043e\u0434 \u0414.\u0410. \u041b\u043e\u0440\u0438<\/p>\n","protected":false},"excerpt":{"rendered":"<p>\u0412\u043b\u0430\u0434\u0438\u043c\u0438\u0440 \u041b\u0443\u043a\u0430\u0448 \u0435 \u0440\u043e\u0434\u0435\u043d \u0432\u043e \u0414\u0440\u0436\u0430\u0432\u043d\u0430\u0442\u0430 \u0431\u043e\u043b\u043d\u0438\u0446\u0430 \u0432\u043e \u0421\u043a\u043e\u043f\u0458\u0435. \u0418\u043c\u0435\u0442\u043e \u043d\u0430 \u0431\u0430\u0431\u0438\u0446\u0430\u0442\u0430 \u043a\u043e\u0458\u0430 \u0433\u043e \u0438\u0437\u0432\u043b\u0435\u0447\u0435 \u043e\u0434 \u0441\u0442\u043e\u043c\u0430\u043a\u043e\u0442 \u043d\u0430 \u043c\u0430\u0458\u043a\u0430 \u043c\u0443 \u0433\u043e \u0447\u0443\u0432\u0430 \u0432\u043e \u043d\u0430\u0458\u0433\u043e\u043b\u0435\u043c\u0430 \u0442\u0430\u0458\u043d\u043e\u0441\u0442. \u041f\u0440\u0432\u043e \u0432\u043d\u0443\u0447\u0435 \u0432\u043e \u0444\u0430\u043c\u0438\u043b\u0438\u0458\u0430. \u0418\u043c\u0430 \u043f\u0440\u043e\u0441\u0435\u0434\u0430 \u043a\u043e\u0441\u0430, \u043a\u0440\u0430\u0442\u043a\u0430 \u0431\u0440\u0430\u0434\u0430 \u0438 \u0435\u0434\u0435\u043d \u0440\u0430\u0441\u0438\u043f\u0430\u043d \u0437\u0430\u0431. \u0412\u0435\u0440\u0443\u0432\u0430 \u0432\u043e \u043e\u0442\u0441\u0443\u0441\u0442\u0432\u043e\u0442\u043e \u043d\u0430 \u0411\u043e\u0433. \u0416\u0438\u0432\u0435\u0435 \u0438 [&hellip;]<\/p>\n","protected":false},"author":1,"featured_media":2090,"parent":683,"menu_order":0,"comment_status":"closed","ping_status":"closed","template":"","meta":{"footnotes":""},"_links":{"self":[{"href":"http:\/\/www.slovokult.eu\/index.php\/wp-json\/wp\/v2\/pages\/3234"}],"collection":[{"href":"http:\/\/www.slovokult.eu\/index.php\/wp-json\/wp\/v2\/pages"}],"about":[{"href":"http:\/\/www.slovokult.eu\/index.php\/wp-json\/wp\/v2\/types\/page"}],"author":[{"embeddable":true,"href":"http:\/\/www.slovokult.eu\/index.php\/wp-json\/wp\/v2\/users\/1"}],"replies":[{"embeddable":true,"href":"http:\/\/www.slovokult.eu\/index.php\/wp-json\/wp\/v2\/comments?post=3234"}],"version-history":[{"count":10,"href":"http:\/\/www.slovokult.eu\/index.php\/wp-json\/wp\/v2\/pages\/3234\/revisions"}],"predecessor-version":[{"id":3409,"href":"http:\/\/www.slovokult.eu\/index.php\/wp-json\/wp\/v2\/pages\/3234\/revisions\/3409"}],"up":[{"embeddable":true,"href":"http:\/\/www.slovokult.eu\/index.php\/wp-json\/wp\/v2\/pages\/683"}],"wp:featuredmedia":[{"embeddable":true,"href":"http:\/\/www.slovokult.eu\/index.php\/wp-json\/wp\/v2\/media\/2090"}],"wp:attachment":[{"href":"http:\/\/www.slovokult.eu\/index.php\/wp-json\/wp\/v2\/media?parent=3234"}],"curies":[{"name":"wp","href":"https:\/\/api.w.org\/{rel}","templated":true}]}}