{"id":4752,"date":"2020-09-12T14:20:15","date_gmt":"2020-09-12T12:20:15","guid":{"rendered":"http:\/\/www.slovokult.eu\/?page_id=4752"},"modified":"2020-09-16T14:51:52","modified_gmt":"2020-09-16T12:51:52","slug":"photos-gevgelija","status":"publish","type":"page","link":"http:\/\/www.slovokult.eu\/index.php\/slovokult-literartour-2020\/photos-gevgelija\/","title":{"rendered":":: \u0418\u041c\u041f\u0420\u0415\u0421\u0418\u0418 :: \u0413\u0435\u0432\u0433\u0435\u043b\u0438\u0458\u0430 ::"},"content":{"rendered":"<h4>:: \u0421\u043b\u043e\u0432\u043e\u041a\u0443\u043b\u0442 :: \u043b\u0438\u0442\u0435\u0440\u0410\u0420\u0422\u0443\u0440\u0430 :: 2020 :: <a href=\"http:\/\/www.slovokult.eu\/index.php\/slovokult-literartour-2020\/\">\u0411\u0438\u0435\u043d\u0430\u043b\u0435 \u0437\u0430 \u0441\u043e\u0432\u0440\u0435\u043c\u0435\u043d\u0438 \u0443\u043c\u0435\u0442\u043d\u043e\u0441\u0442\u0438<strong><sup><span lang=\"EN-US\">2\u00a0<\/span><\/sup><\/strong><\/a><\/h4>\n<h4 class=\"entry-title\">:: SlovoKult:: literARTour :: 2020 <strong>:: Biennial of contemporary arts<sup><span lang=\"EN-US\">2<\/span><\/sup><\/strong>::<\/h4>\n<h4 class=\"entry-title\">:: SlovoKult:: literARTour ::\u00a0<strong>2020 ::\u00a0<\/strong><strong>Biennale f\u00fcr zeitgen\u00f6ssische K\u00fcnste<sup><span lang=\"EN-US\">2<\/span><\/sup> ::\u00a0<\/strong><\/h4>\n<p><strong>\u041c\u0443\u043b\u0442\u0438\u043c\u0435\u0434\u0438\u0458\u0430\u043b\u0435\u043d \u043a\u043d\u0438\u0436\u0435\u0432\u0435\u043d \u043d\u0430\u0441\u0442\u0430\u043d :: \u0413\u0435\u0432\u0433\u0435\u043b\u0438\u0458\u0430<\/strong><\/p>\n<p><strong>Multimedia literary event :: Gevgelija :: \u00a0<\/strong><\/p>\n<p><strong>Multimediale literarische Veranstaltung :: Gevgelija<\/strong><\/p>\n<p>\u0412\u0438\u0434\u0435\u043e \u043c\u0430\u0442\u0435\u0440\u0438\u0458\u0430\u043b :: Video Material :: @ <a href=\"https:\/\/www.youtube.com\/channel\/UCuXKKj6xe3r4PpVmV0l1lBg\" target=\"_blank\" rel=\"noopener\">Youtube :: SlovoKult :: literARTour<\/a><\/p>\n<div id='gallery-1' class='gallery galleryid-4752 gallery-columns-3 gallery-size-thumbnail'><figure class='gallery-item'>\n\t\t\t<div class='gallery-icon portrait'>\n\t\t\t\t<a href='http:\/\/www.slovokult.eu\/wp-content\/uploads\/2020\/09\/image00006-e1600034953587.jpeg'><img width=\"150\" height=\"150\" src=\"http:\/\/www.slovokult.eu\/wp-content\/uploads\/2020\/09\/image00006-e1600034953587-150x150.jpeg\" class=\"attachment-thumbnail size-thumbnail\" alt=\"\" decoding=\"async\" aria-describedby=\"gallery-1-4798\" loading=\"lazy\" \/><\/a>\n\t\t\t<\/div>\n\t\t\t\t<figcaption class='wp-caption-text gallery-caption' id='gallery-1-4798'>\n\t\t\t\tJosip Kocev &#038; Dorit Trebeljahr\n\t\t\t\t<\/figcaption><\/figure><figure class='gallery-item'>\n\t\t\t<div class='gallery-icon portrait'>\n\t\t\t\t<a href='http:\/\/www.slovokult.eu\/wp-content\/uploads\/2020\/09\/image00007-e1600034968646.jpeg'><img width=\"150\" height=\"150\" src=\"http:\/\/www.slovokult.eu\/wp-content\/uploads\/2020\/09\/image00007-e1600034968646-150x150.jpeg\" class=\"attachment-thumbnail size-thumbnail\" alt=\"\" decoding=\"async\" aria-describedby=\"gallery-1-4800\" loading=\"lazy\" \/><\/a>\n\t\t\t<\/div>\n\t\t\t\t<figcaption class='wp-caption-text gallery-caption' id='gallery-1-4800'>\n\t\t\t\tJosip Kocev &#038; Eike Laeuen \n\t\t\t\t<\/figcaption><\/figure><figure class='gallery-item'>\n\t\t\t<div class='gallery-icon portrait'>\n\t\t\t\t<a href='http:\/\/www.slovokult.eu\/wp-content\/uploads\/2020\/09\/image00009-e1600034989817.jpeg'><img width=\"150\" height=\"150\" src=\"http:\/\/www.slovokult.eu\/wp-content\/uploads\/2020\/09\/image00009-e1600034989817-150x150.jpeg\" class=\"attachment-thumbnail size-thumbnail\" alt=\"\" decoding=\"async\" aria-describedby=\"gallery-1-4802\" loading=\"lazy\" \/><\/a>\n\t\t\t<\/div>\n\t\t\t\t<figcaption class='wp-caption-text gallery-caption' id='gallery-1-4802'>\n\t\t\t\tJosip Kocev &#038; Slavica Janeshlieva\n\t\t\t\t<\/figcaption><\/figure><figure class='gallery-item'>\n\t\t\t<div class='gallery-icon landscape'>\n\t\t\t\t<a href='http:\/\/www.slovokult.eu\/wp-content\/uploads\/2020\/09\/image00005.jpeg'><img width=\"150\" height=\"150\" src=\"http:\/\/www.slovokult.eu\/wp-content\/uploads\/2020\/09\/image00005-150x150.jpeg\" class=\"attachment-thumbnail size-thumbnail\" alt=\"\" decoding=\"async\" aria-describedby=\"gallery-1-4797\" loading=\"lazy\" \/><\/a>\n\t\t\t<\/div>\n\t\t\t\t<figcaption class='wp-caption-text gallery-caption' id='gallery-1-4797'>\n\t\t\t\tJosip Kocev &#038; Nina Geshtakovska \n\t\t\t\t<\/figcaption><\/figure><figure class='gallery-item'>\n\t\t\t<div class='gallery-icon landscape'>\n\t\t\t\t<a href='http:\/\/www.slovokult.eu\/wp-content\/uploads\/2020\/09\/image00008.jpeg'><img width=\"150\" height=\"150\" src=\"http:\/\/www.slovokult.eu\/wp-content\/uploads\/2020\/09\/image00008-150x150.jpeg\" class=\"attachment-thumbnail size-thumbnail\" alt=\"\" decoding=\"async\" aria-describedby=\"gallery-1-4801\" loading=\"lazy\" \/><\/a>\n\t\t\t<\/div>\n\t\t\t\t<figcaption class='wp-caption-text gallery-caption' id='gallery-1-4801'>\n\t\t\t\tCrauss &#038; Toni Dimitrov (soundscapes)\n\t\t\t\t<\/figcaption><\/figure><figure class='gallery-item'>\n\t\t\t<div class='gallery-icon landscape'>\n\t\t\t\t<a href='http:\/\/www.slovokult.eu\/wp-content\/uploads\/2020\/09\/image00010.jpeg'><img width=\"150\" height=\"150\" src=\"http:\/\/www.slovokult.eu\/wp-content\/uploads\/2020\/09\/image00010-150x150.jpeg\" class=\"attachment-thumbnail size-thumbnail\" alt=\"\" decoding=\"async\" aria-describedby=\"gallery-1-4803\" loading=\"lazy\" \/><\/a>\n\t\t\t<\/div>\n\t\t\t\t<figcaption class='wp-caption-text gallery-caption' id='gallery-1-4803'>\n\t\t\t\tIstok Ulchar &#038; Anton Schwarzbach\n\t\t\t\t<\/figcaption><\/figure><figure class='gallery-item'>\n\t\t\t<div class='gallery-icon portrait'>\n\t\t\t\t<a href='http:\/\/www.slovokult.eu\/wp-content\/uploads\/2020\/09\/image00011-e1600035006212.jpeg'><img width=\"150\" height=\"150\" src=\"http:\/\/www.slovokult.eu\/wp-content\/uploads\/2020\/09\/image00011-e1600035006212-150x150.jpeg\" class=\"attachment-thumbnail size-thumbnail\" alt=\"\" decoding=\"async\" aria-describedby=\"gallery-1-4804\" loading=\"lazy\" \/><\/a>\n\t\t\t<\/div>\n\t\t\t\t<figcaption class='wp-caption-text gallery-caption' id='gallery-1-4804'>\n\t\t\t\tIstok Ulchar \n\t\t\t\t<\/figcaption><\/figure><figure class='gallery-item'>\n\t\t\t<div class='gallery-icon landscape'>\n\t\t\t\t<a href='http:\/\/www.slovokult.eu\/wp-content\/uploads\/2020\/09\/image00012.jpeg'><img width=\"150\" height=\"150\" src=\"http:\/\/www.slovokult.eu\/wp-content\/uploads\/2020\/09\/image00012-150x150.jpeg\" class=\"attachment-thumbnail size-thumbnail\" alt=\"\" decoding=\"async\" aria-describedby=\"gallery-1-4805\" loading=\"lazy\" \/><\/a>\n\t\t\t<\/div>\n\t\t\t\t<figcaption class='wp-caption-text gallery-caption' id='gallery-1-4805'>\n\t\t\t\tIstok Ulchar &#038; Aude Carbon\n\t\t\t\t<\/figcaption><\/figure><figure class='gallery-item'>\n\t\t\t<div class='gallery-icon portrait'>\n\t\t\t\t<a href='http:\/\/www.slovokult.eu\/wp-content\/uploads\/2020\/09\/image00013-e1600034931595.jpeg'><img width=\"150\" height=\"150\" src=\"http:\/\/www.slovokult.eu\/wp-content\/uploads\/2020\/09\/image00013-e1600034931595-150x150.jpeg\" class=\"attachment-thumbnail size-thumbnail\" alt=\"\" decoding=\"async\" aria-describedby=\"gallery-1-4806\" loading=\"lazy\" \/><\/a>\n\t\t\t<\/div>\n\t\t\t\t<figcaption class='wp-caption-text gallery-caption' id='gallery-1-4806'>\n\t\t\t\tManuela Zlatkova &#038; Ivan Ivanovski &#038; Toni Dimitrov \n\t\t\t\t<\/figcaption><\/figure><figure class='gallery-item'>\n\t\t\t<div class='gallery-icon landscape'>\n\t\t\t\t<a href='http:\/\/www.slovokult.eu\/wp-content\/uploads\/2020\/09\/image00014.jpeg'><img width=\"150\" height=\"150\" src=\"http:\/\/www.slovokult.eu\/wp-content\/uploads\/2020\/09\/image00014-150x150.jpeg\" class=\"attachment-thumbnail size-thumbnail\" alt=\"\" decoding=\"async\" aria-describedby=\"gallery-1-4808\" loading=\"lazy\" \/><\/a>\n\t\t\t<\/div>\n\t\t\t\t<figcaption class='wp-caption-text gallery-caption' id='gallery-1-4808'>\n\t\t\t\tManuela Zlatkova &#038; Velimir Zernovski\n\t\t\t\t<\/figcaption><\/figure><figure class='gallery-item'>\n\t\t\t<div class='gallery-icon portrait'>\n\t\t\t\t<a href='http:\/\/www.slovokult.eu\/wp-content\/uploads\/2020\/09\/image00015-e1600035113231.jpeg'><img width=\"150\" height=\"150\" src=\"http:\/\/www.slovokult.eu\/wp-content\/uploads\/2020\/09\/image00015-e1600035113231-150x150.jpeg\" class=\"attachment-thumbnail size-thumbnail\" alt=\"\" decoding=\"async\" aria-describedby=\"gallery-1-4809\" loading=\"lazy\" \/><\/a>\n\t\t\t<\/div>\n\t\t\t\t<figcaption class='wp-caption-text gallery-caption' id='gallery-1-4809'>\n\t\t\t\tManuela Zlatkova &#038; Dijana Tomik Radevska\n\t\t\t\t<\/figcaption><\/figure><figure class='gallery-item'>\n\t\t\t<div class='gallery-icon portrait'>\n\t\t\t\t<a href='http:\/\/www.slovokult.eu\/wp-content\/uploads\/2020\/09\/image00016-e1600035132352.jpeg'><img width=\"150\" height=\"150\" src=\"http:\/\/www.slovokult.eu\/wp-content\/uploads\/2020\/09\/image00016-e1600035132352-150x150.jpeg\" class=\"attachment-thumbnail size-thumbnail\" alt=\"\" decoding=\"async\" aria-describedby=\"gallery-1-4810\" loading=\"lazy\" \/><\/a>\n\t\t\t<\/div>\n\t\t\t\t<figcaption class='wp-caption-text gallery-caption' id='gallery-1-4810'>\n\t\t\t\tManuela Zlatkova &#038; Dorit Trebeljahr\n\t\t\t\t<\/figcaption><\/figure><figure class='gallery-item'>\n\t\t\t<div class='gallery-icon landscape'>\n\t\t\t\t<a href='http:\/\/www.slovokult.eu\/wp-content\/uploads\/2020\/09\/image00017.jpeg'><img width=\"150\" height=\"150\" src=\"http:\/\/www.slovokult.eu\/wp-content\/uploads\/2020\/09\/image00017-150x150.jpeg\" class=\"attachment-thumbnail size-thumbnail\" alt=\"\" decoding=\"async\" aria-describedby=\"gallery-1-4811\" loading=\"lazy\" \/><\/a>\n\t\t\t<\/div>\n\t\t\t\t<figcaption class='wp-caption-text gallery-caption' id='gallery-1-4811'>\n\t\t\t\tManuela Zlatkova &#038; Eike Laeuen\n\t\t\t\t<\/figcaption><\/figure><figure class='gallery-item'>\n\t\t\t<div class='gallery-icon portrait'>\n\t\t\t\t<a href='http:\/\/www.slovokult.eu\/wp-content\/uploads\/2020\/09\/image00018-e1600035183659.jpeg'><img width=\"150\" height=\"150\" src=\"http:\/\/www.slovokult.eu\/wp-content\/uploads\/2020\/09\/image00018-e1600035183659-150x150.jpeg\" class=\"attachment-thumbnail size-thumbnail\" alt=\"\" decoding=\"async\" aria-describedby=\"gallery-1-4812\" loading=\"lazy\" \/><\/a>\n\t\t\t<\/div>\n\t\t\t\t<figcaption class='wp-caption-text gallery-caption' id='gallery-1-4812'>\n\t\t\t\tManuela Zlatkova &#038; Slavica Janeshlieva\n\t\t\t\t<\/figcaption><\/figure><figure class='gallery-item'>\n\t\t\t<div class='gallery-icon portrait'>\n\t\t\t\t<a href='http:\/\/www.slovokult.eu\/wp-content\/uploads\/2020\/09\/image00019-e1600035222245.jpeg'><img width=\"150\" height=\"150\" src=\"http:\/\/www.slovokult.eu\/wp-content\/uploads\/2020\/09\/image00019-e1600035222245-150x150.jpeg\" class=\"attachment-thumbnail size-thumbnail\" alt=\"\" decoding=\"async\" aria-describedby=\"gallery-1-4813\" loading=\"lazy\" \/><\/a>\n\t\t\t<\/div>\n\t\t\t\t<figcaption class='wp-caption-text gallery-caption' id='gallery-1-4813'>\n\t\t\t\tManuela Zlatkova &#038; Ivan Ivanovski\n\t\t\t\t<\/figcaption><\/figure><figure class='gallery-item'>\n\t\t\t<div class='gallery-icon portrait'>\n\t\t\t\t<a href='http:\/\/www.slovokult.eu\/wp-content\/uploads\/2020\/09\/image00020-e1600035248825.jpeg'><img width=\"150\" height=\"150\" src=\"http:\/\/www.slovokult.eu\/wp-content\/uploads\/2020\/09\/image00020-e1600035248825-150x150.jpeg\" class=\"attachment-thumbnail size-thumbnail\" alt=\"\" decoding=\"async\" aria-describedby=\"gallery-1-4814\" loading=\"lazy\" \/><\/a>\n\t\t\t<\/div>\n\t\t\t\t<figcaption class='wp-caption-text gallery-caption' id='gallery-1-4814'>\n\t\t\t\tAleksandar Kirkovski &#038; Ivan Ivanovski\n\t\t\t\t<\/figcaption><\/figure><figure class='gallery-item'>\n\t\t\t<div class='gallery-icon portrait'>\n\t\t\t\t<a href='http:\/\/www.slovokult.eu\/wp-content\/uploads\/2020\/09\/image00021-e1600035269533.jpeg'><img width=\"150\" height=\"150\" src=\"http:\/\/www.slovokult.eu\/wp-content\/uploads\/2020\/09\/image00021-e1600035269533-150x150.jpeg\" class=\"attachment-thumbnail size-thumbnail\" alt=\"\" decoding=\"async\" aria-describedby=\"gallery-1-4815\" loading=\"lazy\" \/><\/a>\n\t\t\t<\/div>\n\t\t\t\t<figcaption class='wp-caption-text gallery-caption' id='gallery-1-4815'>\n\t\t\t\tAleksandar Kirkovski &#038; Ivan Ivanovski\n\t\t\t\t<\/figcaption><\/figure><figure class='gallery-item'>\n\t\t\t<div class='gallery-icon portrait'>\n\t\t\t\t<a href='http:\/\/www.slovokult.eu\/wp-content\/uploads\/2020\/09\/image00022-e1600035323559.jpeg'><img width=\"150\" height=\"150\" src=\"http:\/\/www.slovokult.eu\/wp-content\/uploads\/2020\/09\/image00022-e1600035323559-150x150.jpeg\" class=\"attachment-thumbnail size-thumbnail\" alt=\"\" decoding=\"async\" aria-describedby=\"gallery-1-4816\" loading=\"lazy\" \/><\/a>\n\t\t\t<\/div>\n\t\t\t\t<figcaption class='wp-caption-text gallery-caption' id='gallery-1-4816'>\n\t\t\t\tElizabeta Lindner Kostadinovska\n\t\t\t\t<\/figcaption><\/figure><figure class='gallery-item'>\n\t\t\t<div class='gallery-icon portrait'>\n\t\t\t\t<a href='http:\/\/www.slovokult.eu\/wp-content\/uploads\/2020\/09\/image00023-e1600035342268.jpeg'><img width=\"150\" height=\"150\" src=\"http:\/\/www.slovokult.eu\/wp-content\/uploads\/2020\/09\/image00023-e1600035342268-150x150.jpeg\" class=\"attachment-thumbnail size-thumbnail\" alt=\"\" decoding=\"async\" aria-describedby=\"gallery-1-4817\" loading=\"lazy\" \/><\/a>\n\t\t\t<\/div>\n\t\t\t\t<figcaption class='wp-caption-text gallery-caption' id='gallery-1-4817'>\n\t\t\t\tElizabeta Lindner Kostadinovska\n\t\t\t\t<\/figcaption><\/figure><figure class='gallery-item'>\n\t\t\t<div class='gallery-icon portrait'>\n\t\t\t\t<a href='http:\/\/www.slovokult.eu\/wp-content\/uploads\/2020\/09\/image00024-e1600035366616.jpeg'><img width=\"150\" height=\"150\" src=\"http:\/\/www.slovokult.eu\/wp-content\/uploads\/2020\/09\/image00024-e1600035366616-150x150.jpeg\" class=\"attachment-thumbnail size-thumbnail\" alt=\"\" decoding=\"async\" aria-describedby=\"gallery-1-4818\" loading=\"lazy\" \/><\/a>\n\t\t\t<\/div>\n\t\t\t\t<figcaption class='wp-caption-text gallery-caption' id='gallery-1-4818'>\n\t\t\t\tElizabeta Lindner Kostadinovska\n\t\t\t\t<\/figcaption><\/figure>\n\t\t<\/div>\n\n","protected":false},"excerpt":{"rendered":"<p>:: \u0421\u043b\u043e\u0432\u043e\u041a\u0443\u043b\u0442 :: \u043b\u0438\u0442\u0435\u0440\u0410\u0420\u0422\u0443\u0440\u0430 :: 2020 :: \u0411\u0438\u0435\u043d\u0430\u043b\u0435 \u0437\u0430 \u0441\u043e\u0432\u0440\u0435\u043c\u0435\u043d\u0438 \u0443\u043c\u0435\u0442\u043d\u043e\u0441\u0442\u04382\u00a0 :: SlovoKult:: literARTour :: 2020 :: Biennial of contemporary arts2:: :: SlovoKult:: literARTour ::\u00a02020 ::\u00a0Biennale f\u00fcr zeitgen\u00f6ssische K\u00fcnste2 ::\u00a0 \u041c\u0443\u043b\u0442\u0438\u043c\u0435\u0434\u0438\u0458\u0430\u043b\u0435\u043d \u043a\u043d\u0438\u0436\u0435\u0432\u0435\u043d \u043d\u0430\u0441\u0442\u0430\u043d :: \u0413\u0435\u0432\u0433\u0435\u043b\u0438\u0458\u0430 Multimedia literary event :: Gevgelija :: \u00a0 Multimediale literarische Veranstaltung [&hellip;]<\/p>\n","protected":false},"author":1,"featured_media":4527,"parent":4525,"menu_order":0,"comment_status":"closed","ping_status":"closed","template":"","meta":{"footnotes":""},"_links":{"self":[{"href":"http:\/\/www.slovokult.eu\/index.php\/wp-json\/wp\/v2\/pages\/4752"}],"collection":[{"href":"http:\/\/www.slovokult.eu\/index.php\/wp-json\/wp\/v2\/pages"}],"about":[{"href":"http:\/\/www.slovokult.eu\/index.php\/wp-json\/wp\/v2\/types\/page"}],"author":[{"embeddable":true,"href":"http:\/\/www.slovokult.eu\/index.php\/wp-json\/wp\/v2\/users\/1"}],"replies":[{"embeddable":true,"href":"http:\/\/www.slovokult.eu\/index.php\/wp-json\/wp\/v2\/comments?post=4752"}],"version-history":[{"count":4,"href":"http:\/\/www.slovokult.eu\/index.php\/wp-json\/wp\/v2\/pages\/4752\/revisions"}],"predecessor-version":[{"id":4819,"href":"http:\/\/www.slovokult.eu\/index.php\/wp-json\/wp\/v2\/pages\/4752\/revisions\/4819"}],"up":[{"embeddable":true,"href":"http:\/\/www.slovokult.eu\/index.php\/wp-json\/wp\/v2\/pages\/4525"}],"wp:featuredmedia":[{"embeddable":true,"href":"http:\/\/www.slovokult.eu\/index.php\/wp-json\/wp\/v2\/media\/4527"}],"wp:attachment":[{"href":"http:\/\/www.slovokult.eu\/index.php\/wp-json\/wp\/v2\/media?parent=4752"}],"curies":[{"name":"wp","href":"https:\/\/api.w.org\/{rel}","templated":true}]}}