{"id":5013,"date":"2021-07-07T16:01:04","date_gmt":"2021-07-07T14:01:04","guid":{"rendered":"http:\/\/www.slovokult.eu\/?page_id=5013"},"modified":"2021-07-07T17:57:00","modified_gmt":"2021-07-07T15:57:00","slug":"hr-vrijeme-dugog-oporavka","status":"publish","type":"page","link":"http:\/\/www.slovokult.eu\/index.php\/stihotvorba-i-slika\/marija-dejanovic-michaela-strumberger\/hr-vrijeme-dugog-oporavka\/","title":{"rendered":"HR :: Vrijeme dugog oporavka ::"},"content":{"rendered":"<h4><strong>Marija Dejanovi\u0107<\/strong><\/h4>\n<p><strong>Vrijeme dugog oporavka <\/strong><\/p>\n<h4><strong><a href=\"http:\/\/www.slovokult.eu\/index.php\/stihotvorba-i-slika\/marija-dejanovic-michaela-strumberger\/\">MK<\/a> :: <a href=\"https:\/\/www.slovokult-literatur.de\/index.php\/gedicht-und-gebilde-3\/marija-dejanovic-michaela-strumberger\/\" target=\"_blank\" rel=\"noopener\">EN<\/a> :: <a href=\"https:\/\/www.slovokult-literatur.de\/index.php\/gedicht-und-gebilde-3\/marija-dejanovic-michaela-strumberger\/\" target=\"_blank\" rel=\"noopener\">DE\u00a0<\/a><\/strong><\/h4>\n<p>&nbsp;<\/p>\n<p>Do\u0161li smo u godine u kojima zrelost<\/p>\n<p>nema veze s godinama:<\/p>\n<p>ptice se sporazumijevaju tako da kretanjem<\/p>\n<p>opona\u0161aju putanje<\/p>\n<p>nebeskih tijela.<\/p>\n<p>\u017dabe plove morima<\/p>\n<p>koriste\u0107i svoje glatke grlene opne<\/p>\n<p>kao jedra.<\/p>\n<p>Sedam dana samo\u0107e proteklo je ovako:<\/p>\n<p>prvog dana nisam ni shvatila da sam sama.<\/p>\n<p>&nbsp;<\/p>\n<p>Drugog dana, svakodnevica<\/p>\n<p>je bila uobi\u010dajena.<\/p>\n<p>Nisam ni\u0161ta jela<\/p>\n<p>i malo sam spavala,<\/p>\n<p>skuhala sam juhu od tvoje ko\u0161ulje<\/p>\n<p>za slu\u010daj da na vrata pokuca neki gost.<\/p>\n<p>Na kraju sam njome oprala prozore,<\/p>\n<p>bolje je tako nego da bacim<\/p>\n<p>kakvu uvredu u smjeru vrata,<\/p>\n<p>vrata kroz koja nitko ne prolazi jer sam to zabranila,<\/p>\n<p>vrata koja su zaklju\u010dana,<\/p>\n<p>za\u0161ivena u topli zid mojeg \u017eeluca,<\/p>\n<p>progutana je\u017eeva ku\u0107a.<\/p>\n<p>&nbsp;<\/p>\n<p>Tre\u0107eg dana, shvatila sam da sam sama.<\/p>\n<p>Ribe su se upla\u0161ile i okupile u jato.<\/p>\n<p>Odr\u017eale su sastanak na kojem su odlu\u010dile<\/p>\n<p>da \u0107e od sutra \u017eivjeti kao srebrni \u0161i\u0161mi\u0161i.<\/p>\n<p>Letjet \u0107e prema svjetlu, zatvoriti o\u010di<\/p>\n<p>i brojati dane senzorima koje nose u grlu.<\/p>\n<p>Odlu\u010dila sam ostati sama<\/p>\n<p>i prigrliti svoje novo stanje<\/p>\n<p>kao vrijeme dugog oporavka.<\/p>\n<figure id=\"attachment_5007\" aria-describedby=\"caption-attachment-5007\" style=\"width: 300px\" class=\"wp-caption alignnone\"><a href=\"http:\/\/www.slovokult.eu\/wp-content\/uploads\/2021\/07\/Altar00_0299.jpg\"><img decoding=\"async\" loading=\"lazy\" class=\"wp-image-5007 size-medium\" src=\"http:\/\/www.slovokult.eu\/wp-content\/uploads\/2021\/07\/Altar00_0299-300x271.jpg\" alt=\"\" width=\"300\" height=\"271\" srcset=\"http:\/\/www.slovokult.eu\/wp-content\/uploads\/2021\/07\/Altar00_0299-300x271.jpg 300w, http:\/\/www.slovokult.eu\/wp-content\/uploads\/2021\/07\/Altar00_0299-768x695.jpg 768w, http:\/\/www.slovokult.eu\/wp-content\/uploads\/2021\/07\/Altar00_0299-1024x926.jpg 1024w, http:\/\/www.slovokult.eu\/wp-content\/uploads\/2021\/07\/Altar00_0299-400x362.jpg 400w\" sizes=\"(max-width: 300px) 100vw, 300px\" \/><\/a><figcaption id=\"caption-attachment-5007\" class=\"wp-caption-text\">Michaela Strumberger :: Altar<\/figcaption><\/figure>\n<p>\u010cetvrtog se dana ne sje\u0107am.<\/p>\n<p>&nbsp;<\/p>\n<p>Petog se dana dobro sje\u0107am,<\/p>\n<p>ali radije o njemu ne bih govorila.<\/p>\n<p>&nbsp;<\/p>\n<p>\u0160estog sam dana odlu\u010dila:<\/p>\n<p>bit \u0107u sama.<\/p>\n<p>&nbsp;<\/p>\n<p>I doista, sedmi dan.<\/p>\n<p>Kao da puca led u mojim koljenima,<\/p>\n<p>u mojim zahvalama,<\/p>\n<p>u \u010dlancima mene-pauka<\/p>\n<p>koji nalikuje na psa,<\/p>\n<p>u zubima mene-lisice<\/p>\n<p>koja nalikuje na vuka.<\/p>\n","protected":false},"excerpt":{"rendered":"<p>Marija Dejanovi\u0107 Vrijeme dugog oporavka MK :: EN :: DE\u00a0 &nbsp; Do\u0161li smo u godine u kojima zrelost nema veze s godinama: ptice se sporazumijevaju tako da kretanjem opona\u0161aju putanje nebeskih tijela. \u017dabe plove morima koriste\u0107i svoje glatke grlene opne kao jedra. Sedam dana samo\u0107e [&hellip;]<\/p>\n","protected":false},"author":1,"featured_media":5007,"parent":5003,"menu_order":0,"comment_status":"closed","ping_status":"closed","template":"","meta":{"footnotes":""},"_links":{"self":[{"href":"http:\/\/www.slovokult.eu\/index.php\/wp-json\/wp\/v2\/pages\/5013"}],"collection":[{"href":"http:\/\/www.slovokult.eu\/index.php\/wp-json\/wp\/v2\/pages"}],"about":[{"href":"http:\/\/www.slovokult.eu\/index.php\/wp-json\/wp\/v2\/types\/page"}],"author":[{"embeddable":true,"href":"http:\/\/www.slovokult.eu\/index.php\/wp-json\/wp\/v2\/users\/1"}],"replies":[{"embeddable":true,"href":"http:\/\/www.slovokult.eu\/index.php\/wp-json\/wp\/v2\/comments?post=5013"}],"version-history":[{"count":5,"href":"http:\/\/www.slovokult.eu\/index.php\/wp-json\/wp\/v2\/pages\/5013\/revisions"}],"predecessor-version":[{"id":5023,"href":"http:\/\/www.slovokult.eu\/index.php\/wp-json\/wp\/v2\/pages\/5013\/revisions\/5023"}],"up":[{"embeddable":true,"href":"http:\/\/www.slovokult.eu\/index.php\/wp-json\/wp\/v2\/pages\/5003"}],"wp:featuredmedia":[{"embeddable":true,"href":"http:\/\/www.slovokult.eu\/index.php\/wp-json\/wp\/v2\/media\/5007"}],"wp:attachment":[{"href":"http:\/\/www.slovokult.eu\/index.php\/wp-json\/wp\/v2\/media?parent=5013"}],"curies":[{"name":"wp","href":"https:\/\/api.w.org\/{rel}","templated":true}]}}