{"id":692,"date":"2017-02-23T20:31:16","date_gmt":"2017-02-23T19:31:16","guid":{"rendered":"http:\/\/www.slovokult.eu\/?page_id=692"},"modified":"2018-08-13T02:16:08","modified_gmt":"2018-08-13T00:16:08","slug":"ljubomir-micic-makedonski","status":"publish","type":"page","link":"http:\/\/www.slovokult.eu\/index.php\/avtori\/poezija\/ljubomir-micic-makedonski\/","title":{"rendered":"\u0409\u0443\u0431\u043e\u043c\u0438\u0440 \u041c\u0438\u0446\u0438\u045c:: \u0408\u0430\u043c\u0435\u0441\u0434\u0438\u043d::"},"content":{"rendered":"<p><a href=\"http:\/\/www.slovokult.eu\/wp-content\/uploads\/2016\/10\/Ljubomir_Micic_ispred_plakata_Zenitove_medjunarodne_izlozbe.jpg\"><img decoding=\"async\" loading=\"lazy\" class=\"wp-image-509 size-medium alignnone\" src=\"http:\/\/www.slovokult.eu\/wp-content\/uploads\/2016\/10\/Ljubomir_Micic_ispred_plakata_Zenitove_medjunarodne_izlozbe-198x300.jpg\" alt=\"Ljubomir Micic\" width=\"198\" height=\"300\" srcset=\"http:\/\/www.slovokult.eu\/wp-content\/uploads\/2016\/10\/Ljubomir_Micic_ispred_plakata_Zenitove_medjunarodne_izlozbe-198x300.jpg 198w, http:\/\/www.slovokult.eu\/wp-content\/uploads\/2016\/10\/Ljubomir_Micic_ispred_plakata_Zenitove_medjunarodne_izlozbe.jpg 397w\" sizes=\"(max-width: 198px) 100vw, 198px\" \/><\/a><\/p>\n<h5>\u0409\u0443\u0431\u043e\u043c\u0438\u0440 \u041c\u0438\u0446\u0438\u045c:: Ljubomir Micic<\/h5>\n<p>&nbsp;<\/p>\n<p><strong>\u0431\u0438\u043c \u0431\u0430\u043c \u0431\u043e\u043c<\/strong><\/p>\n<p>\u041e\u0434 \u0446\u0440\u0432\u0435\u043d\u0438\u0442\u0435 \u043f\u043e\u043a\u0440\u0438\u0432\u0438 \u043d\u0430 \u0459\u0443\u0431\u043e\u0432\u0442\u0430<\/p>\n<p>\u041e\u0434 \u0441\u043b\u043e\u0431\u043e\u0434\u043d\u0438\u0442\u0435 \u043a\u0443\u043b\u0438 \u043d\u0430 \u043f\u0440\u0432\u0438\u0442\u0435 \u043a\u0430\u0442\u043e\u0432\u0438 \u0434\u043e \u043d\u0435\u0431\u043e\u0442\u043e<\/p>\n<p>\u041d\u0430 \u0441\u0438\u0442\u0435 \u043a\u043e\u043d\u0442\u0438\u043d\u0435\u043d\u0442\u0438 \u0434\u043e\u00a0\u043f\u0440\u043e\u043b\u0435\u0442\u0435\u0440\u0438\u0442\u0435 \u043f\u0435\u0441\u043d\u0430 \u0441\u043e \u043f\u043e\u0437\u0434\u0440\u0430\u0432 \u043e\u0434 \u043c\u043e\u0438\u0442\u0435 \u043e\u0447\u0438<\/p>\n<p>\u041d\u0410\u041c\u0415\u0421\u0422\u041e \u0424\u0420\u041b\u0415\u041d\u0418 \u0411\u041e\u041c\u0411\u0418 \u041f\u0420\u041e\u041b\u0415\u0410\u041d\u0418 \u0421\u041e\u041b\u0417\u0418<\/p>\n<p>\u0417\u043c\u0438\u0438 \u0441\u0435 \u043c\u043e\u0438\u0442\u0435 \u0441\u043e\u043b\u0437\u0438<\/p>\n<p>\u0414\u0440\u0443\u0433\u0430\u0440\u0438 \u043d\u0430 \u0437\u0430\u0447\u043e\u0432\u0435\u043a\u043e\u0432\u0438\u0442\u0435 \u0431\u0443\u043d\u0438 \u0438 \u043d\u0435\u0431\u0435\u0441\u043a\u0430\u0442\u0430 \u043a\u0440\u0432<\/p>\n<p>\u041d\u0435\u0431\u043e\u0442\u043e \u0435 \u0437\u0435\u043b\u0435\u043d\u0430 \u0442\u0440\u0435\u0432\u0430<\/p>\n<p>\u041d\u0435\u0431\u043e\u0442\u043e \u0432\u0440\u0435\u0441\u043a\u0430 \u0432\u043e \u043f\u0443\u0441\u0442\u0438\u043d\u0430\u0442\u0430 \u043d\u0430 \u0445\u0440\u0438\u0441\u0442\u0438\u0458\u0430\u043d\u0441\u043a\u0438\u043e\u0442 \u0412\u0435\u043b\u0438\u0433\u0434\u0435\u043d<\/p>\n<p>\u0417\u0435\u043c\u0458\u043e \u0442\u0438 \u043c\u0430\u0458\u043c\u0443\u043d\u0441\u043a\u0430 \u043f\u043b\u0430\u043d\u0435\u0442\u043e \u0441\u043e \u0440\u043e\u0433\u043e\u0432\u0438 \u043d\u0430 \u0431\u043e\u0433\u043e\u0432\u0438 \u0437\u0430\u043f\u043e\u043c\u043d\u0438<\/p>\n<p>\u0414\u0435\u043d\u0435\u0441 \u0441\u0438\u0442\u0435 \u0444\u0430\u0431\u0440\u0438\u043a\u0438 \u043d\u0430 \u0434\u0443\u0448\u0438\u0442\u0435 \u043d\u0430\u0448\u0438 \u0442\u0440\u0443\u0431\u0430\u0442 \u043a\u0440\u0438\u043a \u0434\u043e \u043a\u0440\u0438\u043a<\/p>\n<p>\u0421\u0438\u0440\u0435\u043d\u0438 \u043e\u0434 \u0432\u0440\u0435\u0441\u043e\u043a \u043e\u0434\u0435\u043a\u043d\u0443\u0432\u0430\u0430\u0442 \u043e\u0434 \u0432\u0440\u0432\u043e\u0432\u0438\u0442\u0435 \u043d\u0430 \u0446\u0440\u0432\u0435\u043d\u0438\u0442\u0435 \u043a\u043e\u043f\u0458\u0430 \u043d\u0430 \u043d\u043e\u0432\u0438\u043e\u0442 \u0434\u0443\u0445<\/p>\n<p>&nbsp;<\/p>\n<p>\u0421\u0438\u0442\u0435 \u0443\u043b\u0438\u0446\u0438 \u0432\u0430\u043b\u043a\u0430\u043d\u0438 \u0442\u0435\u0447\u0430\u0442 \u043a\u043e \u0443\u0442\u0440\u043e\u0431\u0430 \u043d\u0430 \u0435\u0432\u0440\u043e\u043f\u0441\u043a\u0438\u043e\u0442 \u043a\u0430\u043f\u0438\u0442\u0430\u043b<\/p>\n<p>\u0412\u043e \u043d\u0430\u0448\u0438\u0442\u0435 \u0433\u0440\u0430\u0434\u043e\u0432\u0438 \u043d\u0430\u043c\u0435\u0441\u0442\u043e \u0447\u043e\u0432\u0435\u043a\u043e\u0432\u0438 \u043c\u0438\u043b\u0438\u043e\u043d\u0438<\/p>\n<p>\u0422\u0440\u0430\u043c\u0432\u0430\u0438\u0442\u0435 \u043f\u0430\u0442\u0443\u0432\u0430\u0430\u0442 \u043a\u043e \u0437\u043d\u0430\u043c\u0438\u045a\u0430 \u0446\u0440\u0432\u0435\u043d\u0438<\/p>\n<p>\u041f\u0440\u043e\u0458\u0443\u0440\u0443\u0432\u0430\u0430\u0442 \u0433\u043e\u043d\u0435\u0442\u0438 \u043e\u0434 \u0441\u043c\u0440\u0442\u043e\u043d\u043e\u0441\u043d\u0430\u0442\u0430 \u0441\u0442\u0440\u0443\u0458\u0430 \u043d\u0430 \u0435\u043b\u0435\u043a\u0442\u0440\u043e\u0440\u0435\u0432\u043e\u043b\u0443\u0446\u0438\u0458\u0430\u0442\u0430<\/p>\n<p>\u0421\u043e \u043a\u0430\u043b \u0435 \u0438\u0441\u043a\u0438\u0442\u0435\u043d\u0430 \u0431\u0443\u0440\u0436\u043e\u0430\u0437\u0438\u0458\u0430\u0442\u0430<\/p>\n<p>\u0411\u0443\u0440\u0436\u043e\u0430\u0437\u0438\u0458\u0430\u0442\u0430 \u0441\u0435 \u0448\u0435\u0442\u0430 \u043f\u043e \u0431\u043e\u0433\u0430\u0442\u0438\u0442\u0435 \u043f\u0430\u0440\u043a\u043e\u0432\u0438 \u043d\u0430 \u0437\u043b\u0430\u0442\u043d\u043e\u0442\u043e \u0442\u0435\u043b\u0435<\/p>\n<p>\u0418 \u0441\u0435 \u043f\u043e\u0434\u0433\u043e\u0442\u0432\u0443\u0432\u0430 \u0441\u043e \u043f\u0438\u0458\u0430\u043d\u043a\u0430 \u0434\u0430 \u0433\u043e \u043f\u0440\u043e\u0441\u043b\u0430\u0432\u0438 \u0412\u0435\u043b\u0438\u0433\u0434\u0435\u043d \u0437\u0430 \u043e\u043d\u043e\u0458 \u0425\u0440\u0438\u0441\u0442\u043e\u0441<\/p>\n<p>\u041a\u043e\u0433\u043e \u043f\u0440\u0435\u0434 \u0442\u043e\u043b\u043a\u0443 \u0433\u043e\u0434\u0438\u043d\u0438 \u0441\u043b\u0430\u0434\u043e\u0441\u0442\u0440\u0430\u0441\u043d\u043e \u0433\u043e \u0440\u0430\u0441\u043f\u043d\u0430<\/p>\n<p>&nbsp;<\/p>\n<p>\u0421\u0430\u043c\u043e \u0446\u0440\u043d\u0438\u0442\u0435 \u043f\u0446\u0438 \u043d\u043e\u0441\u0430\u0442 \u0447\u0438\u0441\u0442\u0430 \u0459\u0443\u0431\u043e\u0432 \u0432\u043e \u043e\u0447\u0438\u0442\u0435<\/p>\n<p>\u0410\u0432\u0442\u043e\u043c\u043e\u0431\u0438\u043b\u0438\u0442\u0435 \u0431\u0435\u0441\u043d\u0438 \u043c\u0430\u0448\u0438\u043d\u0438 \u043d\u0430 \u0447\u0435\u0442\u0438\u0440\u0438 \u0433\u0443\u043c\u0435\u043d\u0438 \u043a\u0440\u0438\u043b\u0430<\/p>\n<p>\u041f\u0440e\u043d\u0435\u0441\u0443\u0432\u0430\u0430\u0442 \u0447\u043e\u0432\u0435\u043a\u043e\u0458\u0430\u0434\u0446\u0438<\/p>\n<p>\u0421\u0438\u0433\u0443\u0440\u043d\u043e \u0438 \u0434\u0435\u043d\u0435\u0441 \u045c\u0435 \u0438\u0441\u043f\u043e\u0433\u0430\u0437\u0430\u0442 \u043d\u0435\u043a\u043e\u043b\u043a\u0443 \u043f\u043e\u0442\u0438\u0448\u0442\u0435\u043d\u0438 \u043f\u0435\u0448\u0430\u0446\u0438<\/p>\n<p>\u041d\u0430 \u0411\u0430\u043b\u043a\u0430\u043d\u043e\u0442 \u043f\u0435\u0448\u0430\u043a\u043e\u0442 \u0435 \u0441\u00e8 \u0443\u0448\u0442\u0435 \u0435\u0434\u0438\u043d\u0441\u0442\u0432\u0435\u043d\u0438\u043e\u0442 \u0447\u043e\u0432\u0435\u043a<\/p>\n<p>\u041f\u0435\u0448\u0430\u0446\u0438 \u2013 \u0437\u0435\u043d\u0438\u0442\u0438\u0441\u0442\u0438 \u2013 \u043f\u043e\u0435\u0442\u0438 \u2013 \u043f\u0440\u043e\u043b\u0435\u0442\u0435\u0440\u0438 \u0441\u0442\u0440\u0430\u0434\u0430\u0458\u0442\u0435<\/p>\n<p>\u0418 \u0437\u043d\u0430\u0458\u0442\u0435: \u0441\u043b\u043e\u0431\u043e\u0434\u0430\u0442\u0430 \u0435 \u043a\u0443\u043a\u0430\u0432\u0438\u0446\u0430 \u043d\u0430 \u0433\u043d\u0438\u043b\u0430\u0442\u0430 \u0433\u0440\u0430\u043d\u043a\u0430 \u0415\u0432\u0440\u043e\u043f\u0430 \u0437\u0430\u0441\u043f\u0430\u043d\u0430<\/p>\n<p>&nbsp;<\/p>\n<p>\u0415\u043d\u0435 \u0433\u0438 \u0440\u0430\u0434\u0438\u043e\u043a\u0440\u0441\u0442\u0430\u0447\u0438\u0442\u0435 \u043d\u0430 \u043d\u0430\u0448\u0438\u0442\u0435 \u0430\u043d\u0442\u0435\u043d\u0438 \u0438 \u0441\u043d\u043e\u043f\u043e\u0432\u0438\u0442\u0435 \u0438\u0441\u043f\u043b\u0443\u043a\u0430\u043d\u0438 \u0438\u0434\u0435\u0430\u043b\u0438<\/p>\n<p>\u0414\u043e \u0441\u0438\u043d\u0438\u0442\u0435 \u0446\u0438\u0446\u043a\u0438 \u043d\u0430 \u0410\u0432\u0430\u043b\u0430 \u043b\u0443\u0434\u0443\u0432\u0430\u0430\u0442<\/p>\n<p>\u041e\u043a\u043e\u0432\u0430\u043d\u0438 \u0441\u043e \u0441\u0438\u043d\u045f\u0438\u0440\u0438 \u043d\u0430 \u0441\u043b\u043e\u0431\u043e\u0434\u0430\u0442\u0430 \u043e\u0434 \u043c\u043e\u0458\u0430\u0442\u0430 \u043d\u0430\u0446\u0438\u0458\u0430 \u0432\u0430\u0440\u0432\u0430\u0440\u0441\u043a\u0430<\/p>\n<p>\u0421\u043e \u0437\u0430\u0441\u043b\u0443\u0433\u0430 \u043d\u0430 \u0447\u0435\u0442\u043d\u0438\u0446\u0438 \u0438\u043d\u0432\u0430\u043b\u0438\u0434\u0438 \u0438 \u043a\u043e\u043c\u0438\u0442\u0438<\/p>\n<p>\u0411\u043e\u0440\u0446\u0438 \u043e\u0432\u0435\u043d\u0447\u0430\u043d\u0438 \u0441\u043e \u0441\u043b\u0430\u0432\u0430\u0442\u0430 \u043a\u043e \u043f\u043b\u0430\u0448\u0438\u043b\u0430 \u0441\u0442\u0440\u0447\u0430\u0442<\/p>\n<p>\u041d\u0430 \u0432\u0435\u0442\u0440\u043e\u0432\u0438\u0442\u0435 \u043e\u0434 \u0431\u0435\u0440\u0437\u0430\u043d\u0441\u043a\u043e-\u043f\u043e\u043b\u0438\u0442\u0438\u0447\u043a\u0438\u0442\u0435 \u0441\u043f\u0435\u043a\u0443\u043b\u0430\u0446\u0438\u0438<\/p>\n<p>\u041e\u0440\u0442\u043e\u043f\u0435\u0434\u0438\u0458\u0430\u0442\u0430 \u0435 \u0437\u0430 \u043b\u0443\u0453\u0435\u0442\u043e \u0434\u043e\u0441\u043c\u0440\u0442\u043d\u0430 \u043d\u0430\u0433\u0440\u0430\u0434\u0430 \u0432\u043e \u0441\u043a\u0443\u0442\u043e\u0442 \u043d\u0430 \u0432\u043e\u0458\u043d\u0438\u0442\u0435<\/p>\n<p>\u041f\u0440\u043e\u0442\u0435\u0437\u0430\u0442\u0430 \u0435 \u043d\u0430\u0458\u0441\u0458\u0430\u0458\u043d\u0438\u043e\u0442 \u043e\u0440\u0434\u0435\u043d \u043d\u0430 \u0441\u0438\u0442\u0435 \u043f\u043e\u0431\u0435\u0434\u0438 \u043a\u043e\u0438 \u0441\u0435 \u0441\u0435\u043a\u043e\u0433\u0430\u0448 \u043f\u043e\u0440\u0430\u0437\u0438<\/p>\n<p>\u041d\u0430\u0434 \u043a\u0438\u0442\u043a\u0438\u0442\u0435 \u0447\u043e\u0432\u0435\u0447\u043a\u0438 \u043d\u0435\u0441\u0440\u0435\u045c\u0438 \u0438 \u0431\u0435\u0441\u0438\u043b\u043a\u0438\u0442\u0435 \u0431\u043b\u0435\u0441\u043a\u0430\u0430\u0442<\/p>\n<p style=\"text-align: left; padding-left: 330px;\">\u043d\u0430\u0440\u043e\u0434\u043d\u0438 \u0431\u0430\u043d\u043a\u0438<\/p>\n<p style=\"text-align: left; padding-left: 330px;\">\u043d\u0430\u0440\u043e\u0434\u043d\u0438 \u0442\u0440\u0433\u043e\u0432\u0438\u0438<\/p>\n<p style=\"text-align: left; padding-left: 330px;\">\u043d\u0430\u0440\u043e\u0434\u043d\u0438 \u043f\u043e\u043b\u0438\u0442\u0438\u043a\u0438<\/p>\n<p style=\"text-align: left; padding-left: 330px;\">\u043d\u0430\u0440\u043e\u0434\u043d\u0438 \u0443\u043c\u0435\u0442\u043d\u043e\u0441\u0442\u0438<\/p>\n<p style=\"text-align: left; padding-left: 330px;\">\u043d\u0430\u0440\u043e\u0434\u043d\u0438 \u043a\u043e\u0440\u0443\u043f\u0446\u0438\u0438<\/p>\n<p style=\"text-align: left;\">\u0412\u043e \u043d\u0430\u0448\u0438\u0442\u0435 \u0433\u0440\u0430\u0434\u0438 \u0446\u0443\u0442\u0430\u0442 \u043a\u0443\u0440\u0448\u0443\u043c\u0441\u043a\u0438 \u043e\u043f\u0435\u043b\u0430<\/p>\n<p>\u0414\u043e\u0434\u0435\u043a\u0430 \u0441\u043e \u043d\u043e\u043a\u0442\u0438 \u043d\u0430 \u043a\u043e\u0441\u0442\u0443\u0440 \u043f\u043e \u0431\u0440\u0434\u0430\u0442\u0430 \u0431\u0443\u043d\u0442\u043e\u0432\u043d\u0438 \u043c\u0438\u0441\u043b\u0438 \u0455\u0432\u043e\u043d\u0438\u043c\u0435<\/p>\n<p>\u0414\u043e\u0434\u0435\u043a\u0430 \u0441\u043e \u0437\u0430\u0440\u0453\u0430\u043d\u0430 \u043a\u0430\u043c\u0430 \u043f\u0440\u043e\u043a\u043b\u0435\u0442\u0438\u0442\u0435 \u0441\u0442\u043e\u043b\u0435\u0442\u0438\u0458\u0430 \u0441\u0435 \u0447\u0435\u0448\u0430\u0430\u0442<\/p>\n<p>\u041f\u043e \u0432\u0430\u043b\u043a\u0430\u043d\u0438\u043e\u0442 \u0437\u0430\u0434\u043d\u0438\u043a \u043d\u0430 \u0441\u0440\u043f\u0441\u043a\u0438\u043e\u0442 \u0420\u0438\u043c<\/p>\n<p>\u041e\u0434 \u043c\u0440\u043a\u0438\u0442\u0435 \u043f\u0435\u0448\u0442\u0435\u0440\u0438 \u043d\u0430 \u043d\u0430\u0448\u0438\u0442\u0435 \u0431\u0435\u0441\u043d\u0438 \u0447\u0435\u0440\u0435\u043f\u0438<\/p>\n<p>\u0423\u0440\u043b\u0430\u0430\u0442 \u0458\u0430\u043d\u0438\u0447\u0430\u0440\u0438\u0442\u0435 \u043d\u0430 \u0440\u0435\u0432\u043e\u043b\u0443\u0446\u0438\u0458\u0430\u0442\u0430<\/p>\n<p>\u0417\u0430 \u043d\u043e\u0432\u043e\u0442\u043e \u0432\u043e \u0447\u043e\u0432\u0435\u0448\u0442\u0432\u043e\u0442\u043e \u0441\u00e8 \u0432\u043e \u0432\u0438\u0442\u0435\u043b.<\/p>\n<p>&nbsp;<\/p>\n<p>\u0411\u0435\u043b\u0433\u0440\u0430\u0434, 1. \u043c\u0430\u0458 1926<\/p>\n<p>\u041f\u0440\u0435\u0432\u043e\u0434 \u043e\u0434 \u0441\u0440\u043f\u0441\u043a\u0438\u00a0<strong>\u0415\u043b\u0438\u0437\u0430\u0431\u0435\u0442\u0430 \u041b\u0438\u043d\u0434\u043d\u0435\u0440<\/strong><\/p>\n<p>\u0421\u043e \u0459\u0443\u0431\u0435\u0437\u043d\u043e \u043e\u0434\u043e\u0431\u0440\u0443\u0432\u0430\u045a\u0435 \u0437\u0430 \u043e\u0431\u0458\u0430\u0432\u0443\u0432\u0430\u045a\u0435 \u043d\u0430 \u043f\u0440\u0435\u0432\u043e\u0434\u043e\u0442 \u0438 \u0442\u0435\u043a\u0441\u0442\u043e\u0442 \u043e\u0434\u00a0<strong><a href=\"https:\/\/www.nb.rs\/\">\u041d\u0430\u0440\u043e\u0434\u043d\u0430 \u0411\u0438\u0431\u043b\u0438\u043e\u0442\u0435\u043a\u0430 \u0421\u0440\u0431\u0438\u0458\u0435<\/a><\/strong><\/p>\n<p>\u0421\u043b\u0438\u043a\u0430::<strong>\u0408\u0430\u043c\u0435\u0441\u0434\u0438\u043d::<\/strong><\/p>\n<h5>\u041f\u043e\u0432\u0435\u045c\u0435 \u0437\u0430 \u0443\u043c\u0435\u0442\u043d\u0438\u043a\u043e\u0442::\u00a0<a href=\"https:\/\/jamesdin.wordpress.com\">Jamesdin::<\/a><\/h5>\n<p><a href=\"http:\/\/www.slovokult.eu\/wp-content\/uploads\/2016\/10\/Jamesdin-Krticnjak-1.jpg\"><img decoding=\"async\" loading=\"lazy\" class=\"wp-image-510 size-medium alignleft\" src=\"http:\/\/www.slovokult.eu\/wp-content\/uploads\/2016\/10\/Jamesdin-Krticnjak-1-262x300.jpg\" alt=\"\" width=\"262\" height=\"300\" srcset=\"http:\/\/www.slovokult.eu\/wp-content\/uploads\/2016\/10\/Jamesdin-Krticnjak-1-262x300.jpg 262w, http:\/\/www.slovokult.eu\/wp-content\/uploads\/2016\/10\/Jamesdin-Krticnjak-1-400x458.jpg 400w, http:\/\/www.slovokult.eu\/wp-content\/uploads\/2016\/10\/Jamesdin-Krticnjak-1.jpg 709w\" sizes=\"(max-width: 262px) 100vw, 262px\" \/><\/a><\/p>\n<p><strong>\u041e\u0440\u0438\u0433\u0438\u043d\u0430\u043b \u043d\u0430 \u0441\u0440\u043f\u0441\u043a\u0438::<\/strong><\/p>\n<p><strong>bim bam bom<\/strong><\/p>\n<p>Sa crvenih krovova ljubavi<\/p>\n<p>Slobodnih kula prvih spratova do neba<\/p>\n<p>U sve kontinente proleterima pesmu uz pozdrav mojih o\u010diju<\/p>\n<p>UMESTO BA\u010cENIH BOMBI PROLIVENE SUZE<\/p>\n<p>Zmije su moje suze<\/p>\n<p>Drugovi za\u010dove\u010danskih buna i nebeske krvi<\/p>\n<p>Nebo je zelena trava<\/p>\n<p>Nebo vri\u0161ti u pustinji hri\u0161\u0107anskog Vaskrsa<\/p>\n<p>Zemljo ti majmunska planeto sa rogovima bogova upamti<\/p>\n<p>Danas sve fabrike du\u0161a na\u0161ih trube krik do krika<\/p>\n<p>Sirene vriska odjekuju sa vrhova crvenih kopalja novoga duha<\/p>\n<p>&nbsp;<\/p>\n<p>Sve ulice prljave teku kao utrobe evropskog kapitala<\/p>\n<p>U na\u0161im gradovima mesto \u010dove\u010danskih miliona<\/p>\n<p>Tramvaji putuju kao zastave crveni<\/p>\n<p>Projure gonjeni smrtonosnom strujom elektrorevolucije<\/p>\n<p>Blatom je oki\u0107ena bur\u017eoazija<\/p>\n<p>Bur\u017eoazija \u0161eta bogatim parkovima zlatnoga teleta<\/p>\n<p>I sprema se da pijankom proslavi Vaskrs onaga Hristosa<\/p>\n<p>Koga je pred toliko godina sladostrasno raspela<\/p>\n<p>&nbsp;<\/p>\n<p>Samo crni psi nose \u010distu ljubav u o\u010dima<\/p>\n<p>Automobili besne ma\u0161ine na \u010detiri gumena krila<\/p>\n<p>Pronose ljudo\u017edere<\/p>\n<p>Sigurno \u0107e i danas da pogaze nekoliko sumornih pe\u0161aka<\/p>\n<p>Na Balkanu je pe\u0161ak jo\u0161 uvek jedini \u010dovek<\/p>\n<p>Pe\u0161aci &#8211; zenitisti &#8211; pesnici &#8211; proleteri stradajte<\/p>\n<p>I znajte: sloboda je kukavica na truloj grani Evrope zaspala<\/p>\n<p>&nbsp;<\/p>\n<p>Eno radiokrsta\u010de na\u0161e antene i snopovi popljuvanih ideala<\/p>\n<p>Uz plave sise Avale luduju<\/p>\n<p>Okovani lancima slobode moje nacije varvarske<\/p>\n<p>Zaslugom \u010detnika invalida i komita<\/p>\n<p>Borci oven\u010dani slavom kao pla\u0161ila str\u010de<\/p>\n<p>Na vetrovima berzansko-politi\u010dkih spekulacija<\/p>\n<p>&nbsp;<\/p>\n<p>Ortopedija je za ljude dosmrtna nagrada u krilu ratova<\/p>\n<p>Proteza je najsjajnija kolajna svih pobeda koje su uvek porazi<\/p>\n<p>Nad bokorima ljudskih nesre\u0107a i ve\u0161ala blistaju<\/p>\n<p style=\"padding-left: 240px;\">narodne banke<\/p>\n<p style=\"padding-left: 240px;\">narodne trgovine<\/p>\n<p style=\"padding-left: 240px;\">narodne politike<\/p>\n<p style=\"padding-left: 240px;\">narodne umetnosti<\/p>\n<p style=\"padding-left: 240px;\">narodne korupcije<\/p>\n<p>&nbsp;<\/p>\n<p>U na\u0161im grudima cvetaju kur\u0161umska opela<\/p>\n<p>&nbsp;<\/p>\n<p>Dok noktima kostura po brdima buntovne misli zvonimo<\/p>\n<p>Dok zahr\u0111alom kamom \u010de\u0161u se prokleta stole\u0107a<\/p>\n<p>Po prljavoj zadnjici srpskoga Rima<\/p>\n<p>Iz mrkih pe\u0107ina na\u0161ih besnih lobanja<\/p>\n<p>Urli\u010du jani\u010dari revolucije<\/p>\n<p>Za novo \u010dove\u010danstvu sve u kovitlac.<\/p>\n","protected":false},"excerpt":{"rendered":"<p>\u0409\u0443\u0431\u043e\u043c\u0438\u0440 \u041c\u0438\u0446\u0438\u045c:: Ljubomir Micic &nbsp; \u0431\u0438\u043c \u0431\u0430\u043c \u0431\u043e\u043c \u041e\u0434 \u0446\u0440\u0432\u0435\u043d\u0438\u0442\u0435 \u043f\u043e\u043a\u0440\u0438\u0432\u0438 \u043d\u0430 \u0459\u0443\u0431\u043e\u0432\u0442\u0430 \u041e\u0434 \u0441\u043b\u043e\u0431\u043e\u0434\u043d\u0438\u0442\u0435 \u043a\u0443\u043b\u0438 \u043d\u0430 \u043f\u0440\u0432\u0438\u0442\u0435 \u043a\u0430\u0442\u043e\u0432\u0438 \u0434\u043e \u043d\u0435\u0431\u043e\u0442\u043e \u041d\u0430 \u0441\u0438\u0442\u0435 \u043a\u043e\u043d\u0442\u0438\u043d\u0435\u043d\u0442\u0438 \u0434\u043e\u00a0\u043f\u0440\u043e\u043b\u0435\u0442\u0435\u0440\u0438\u0442\u0435 \u043f\u0435\u0441\u043d\u0430 \u0441\u043e \u043f\u043e\u0437\u0434\u0440\u0430\u0432 \u043e\u0434 \u043c\u043e\u0438\u0442\u0435 \u043e\u0447\u0438 \u041d\u0410\u041c\u0415\u0421\u0422\u041e \u0424\u0420\u041b\u0415\u041d\u0418 \u0411\u041e\u041c\u0411\u0418 \u041f\u0420\u041e\u041b\u0415\u0410\u041d\u0418 \u0421\u041e\u041b\u0417\u0418 \u0417\u043c\u0438\u0438 \u0441\u0435 \u043c\u043e\u0438\u0442\u0435 \u0441\u043e\u043b\u0437\u0438 \u0414\u0440\u0443\u0433\u0430\u0440\u0438 \u043d\u0430 \u0437\u0430\u0447\u043e\u0432\u0435\u043a\u043e\u0432\u0438\u0442\u0435 \u0431\u0443\u043d\u0438 \u0438 [&hellip;]<\/p>\n","protected":false},"author":1,"featured_media":510,"parent":685,"menu_order":0,"comment_status":"closed","ping_status":"closed","template":"","meta":{"footnotes":""},"_links":{"self":[{"href":"http:\/\/www.slovokult.eu\/index.php\/wp-json\/wp\/v2\/pages\/692"}],"collection":[{"href":"http:\/\/www.slovokult.eu\/index.php\/wp-json\/wp\/v2\/pages"}],"about":[{"href":"http:\/\/www.slovokult.eu\/index.php\/wp-json\/wp\/v2\/types\/page"}],"author":[{"embeddable":true,"href":"http:\/\/www.slovokult.eu\/index.php\/wp-json\/wp\/v2\/users\/1"}],"replies":[{"embeddable":true,"href":"http:\/\/www.slovokult.eu\/index.php\/wp-json\/wp\/v2\/comments?post=692"}],"version-history":[{"count":19,"href":"http:\/\/www.slovokult.eu\/index.php\/wp-json\/wp\/v2\/pages\/692\/revisions"}],"predecessor-version":[{"id":2140,"href":"http:\/\/www.slovokult.eu\/index.php\/wp-json\/wp\/v2\/pages\/692\/revisions\/2140"}],"up":[{"embeddable":true,"href":"http:\/\/www.slovokult.eu\/index.php\/wp-json\/wp\/v2\/pages\/685"}],"wp:featuredmedia":[{"embeddable":true,"href":"http:\/\/www.slovokult.eu\/index.php\/wp-json\/wp\/v2\/media\/510"}],"wp:attachment":[{"href":"http:\/\/www.slovokult.eu\/index.php\/wp-json\/wp\/v2\/media?parent=692"}],"curies":[{"name":"wp","href":"https:\/\/api.w.org\/{rel}","templated":true}]}}