{"id":1707,"date":"2018-05-25T17:30:07","date_gmt":"2018-05-25T15:30:07","guid":{"rendered":"http:\/\/www.slovokult.eu\/?page_id=1707"},"modified":"2023-03-05T23:10:05","modified_gmt":"2023-03-05T22:10:05","slug":"stav-namesto-strav","status":"publish","type":"page","link":"https:\/\/www.slovokult.eu\/index.php\/stav-namesto-strav\/","title":{"rendered":"::\u0421\u0442\u0430\u0432 \u043d\u0430\u043c\u0435\u0441\u0442\u043e \u0421\u0442\u0440\u0430\u0432::"},"content":{"rendered":"<h4>\u0421\u0442\u0430\u0432 \u043d\u0430\u043c\u0435\u0441\u0442\u043e \u0421\u0442\u0440\u0430\u0432<\/h4>\n<p><img decoding=\"async\" loading=\"lazy\" class=\"alignleft wp-image-2775 size-thumbnail\" src=\"http:\/\/www.slovokult.eu\/wp-content\/uploads\/2019\/02\/WTF-150x150.png\" alt=\"\" width=\"150\" height=\"150\" \/>\u0421\u0442\u0430\u0432\u043e\u0432\u0438 \u0438 \u0441\u0442\u0440\u0430\u0432\u043e\u0432\u0438 \u0438\u043c\u0430\u043c\u0435 \u0441\u0438\u0442\u0435, \u043c\u043e\u0436\u0435\u0431\u0438 \u043f\u043e\u0432\u0435\u045c\u0435 \u0441\u0442\u0440\u0430\u0432\u043e\u0432\u0438 \u043e\u0442\u043a\u043e\u043b\u043a\u0443 \u0441\u0442\u0430\u0432\u043e\u0432\u0438, \u0448\u0442\u043e \u0435 \u043d\u0430\u0432\u0438\u0441\u0442\u0438\u043d\u0430 \u0436\u0430\u043b\u043d\u043e. \u0412\u043e \u0434\u0432\u0430\u0435\u0441\u0435\u0442 \u0438 \u043f\u0440\u0432\u0438 \u0432\u0435\u043a \u0431\u0438 \u0431\u0438\u043b\u043e \u0440\u0435\u0434\u043d\u043e \u0438 \u043b\u043e\u0433\u0438\u0447\u043d\u043e \u0434\u0430 \u0441\u0435 \u043d\u0430\u0434\u043c\u0438\u043d\u0430\u0442 \u0441\u0442\u0440\u0430\u0432\u043e\u0432\u0438\u0442\u0435 \u0438 \u0434\u0430 \u0441\u0435 \u0437\u0430\u0458\u0430\u043a\u043d\u0430\u0442 \u0441\u0442\u0430\u0432\u043e\u0432\u0438\u0442\u0435, \u043d\u043e \u0442\u043e\u0430 \u043d\u0435\u043a\u0430\u043a\u043e \u043d\u0435 \u0441\u0435 \u0441\u043b\u0443\u0447\u0443\u0432\u0430. \u0421\u043e \u043e\u0432\u0430\u0430 \u0440\u0443\u0431\u0440\u0438\u043a\u0430 \u0432\u0435\u0440\u043e\u0458\u0430\u0442\u043d\u043e \u043d\u0435\u043c\u0430 \u0434\u0430 \u043f\u0440\u043e\u043c\u0435\u043d\u0438\u043c\u0435 \u043c\u043d\u043e\u0433\u0443, \u0430\u043c\u0430 \u0437\u0430\u0442\u043e\u0430 \u045c\u0435 \u0441\u0435 \u043e\u0431\u0438\u0434\u0435\u043c\u0435 \u0434\u0430 \u043f\u0440\u0435\u0437\u0435\u043d\u0442\u0438\u0440\u0430\u043c\u0435 \u0441\u0442\u0430\u0432\u043e\u0432\u0438 \u043d\u0430 \u0440\u0430\u0437\u043b\u0438\u0447\u043d\u0438 \u0442\u0435\u043c\u0438. \u041f\u043e\u0432\u0438\u043a\u0430\u043d\u0438 \u0441\u0442\u0435 \u0438 \u0432\u0438\u0435 \u0434\u0430 \u043d\u0438 \u0438\u0441\u043f\u0440\u0430\u045c\u0430\u0442\u0435 \u0446\u0432\u0440\u0441\u0442\u0438, \u0438\u043d\u0442\u0435\u0440\u0435\u0441\u043d\u0438 \u0438 \u043a\u0440\u0438\u0442\u0438\u0447\u043d\u0438 \u0441\u0442\u0430\u0432\u043e\u0432\u0438 \u043d\u0430 \u043a\u043d\u0438\u0436\u0435\u0432\u043d\u0438, \u0443\u043c\u0435\u0442\u043d\u0438\u0447\u043a\u0438 \u0438\u043b\u0438 \u043a\u0443\u043b\u0442\u0443\u0440\u043d\u043e-\u043e\u043f\u0448\u0442\u0435\u0441\u0442\u0432\u0435\u043d\u043e-\u043f\u043e\u043b\u0438\u0442\u0438\u0447\u043a\u0438 \u0442\u0435\u043c\u0438. \u041d\u0438\u043a\u0430\u043a\u043e \u0441\u0430\u043c\u043e \u043f\u043e\u043b\u0438\u0442\u0438\u0447\u043a\u0438 \u0438 \u0441\u0430\u043c\u043e \u043e\u043f\u0448\u0442\u0435\u0441\u0442\u0432\u0435\u043d\u0438! \u041d\u0435\u043a\u0430 \u0431\u0438\u0434\u0430\u0442 \u043d\u0430\u0458\u043c\u043d\u043e\u0433\u0443 1-2 \u043d\u043e\u0440\u043c\u0438\u0440\u0430\u043d\u0438 \u0441\u0442\u0440\u0430\u043d\u0438. \u0418\u0441\u043f\u0440\u0430\u0442\u0435\u0442\u0435 \u043d\u0438 \u043d\u0430 info(at)slovokult.eu \u0441\u043e \u043d\u0430\u0437\u043d\u0430\u043a\u0430: \u0441\u0442\u0430\u0432 \u2013 stav, \u0434\u043e\u043a\u043e\u043b\u043a\u0443 \u0441\u0430\u043a\u0430\u0442\u0435 \u043c\u043e\u0436\u0435 \u0434\u0430 \u043e\u0441\u0442\u0430\u043d\u0435\u0442\u0435 \u0430\u043d\u043e\u043d\u0438\u043c\u043d\u0438.<\/p>\n<p>\u0411\u0438\u0434\u0435\u0458\u045c\u0438 \u0441\u0435 \u0437\u0430\u043b\u0430\u0433\u0430\u043c\u0435 \u0437\u0430 \u043a\u0432\u0430\u043b\u0438\u0442\u0435\u0442\u043d\u0430 \u043f\u043e\u0435\u0437\u0438\u0458\u0430 \u0438 \u0443\u043c\u0435\u0442\u043d\u043e\u0441\u0442, \u0430 \u0441\u0435 \u0437\u0430\u043b\u0430\u0433\u0430\u043c\u0435 \u0438 \u043e\u043f\u0448\u0442\u043e \u0437\u0430 \u043a\u0432\u0430\u043b\u0438\u0442\u0435\u0442 \u0432\u043e \u043b\u0438\u0442\u0435\u0440\u0430\u0442\u0443\u0440\u0430\u0442\u0430, \u045c\u0435 \u0437\u0430\u043f\u043e\u0447\u043d\u0435\u043c\u0435 \u0441\u043e \u043d\u0435\u043a\u043e\u043b\u043a\u0443 \u0441\u0442\u0430\u0432\u043e\u0432\u0438\u00a0 \u0432\u043e \u043e\u0434\u043d\u043e\u0441 \u043d\u0430 \u0442\u043e\u0430.<\/p>\n<h5><img decoding=\"async\" loading=\"lazy\" class=\"alignleft wp-image-19 size-thumbnail\" src=\"http:\/\/www.slovokult.eu\/wp-content\/uploads\/2016\/02\/2014-09-23-16.32.13-1-e1454979149651-150x150.jpg\" alt=\"\" width=\"150\" height=\"150\" \/>::01:: <a href=\"http:\/\/www.slovokult.eu\/index.php\/stav-namesto-strav\/01-knizevnosta-denes\/\">\u041a\u043d\u0438\u0436\u0435\u0432\u043d\u043e\u0441\u0442\u0430 \u0434\u0435\u043d\u0435\u0441:: \u043d\u0435\u0458\u0437\u0438\u043d\u0430\u0442\u0430 \u0438\u043d\u0434\u0443\u0441\u0442\u0440\u0438\u0458\u0430 \u0438 \u043f\u0430\u0437\u0430\u0440::\u00a0<\/a><\/h5>\n<p>&nbsp;<\/p>\n<p>&nbsp;<\/p>\n<p>&nbsp;<\/p>\n<h5><img decoding=\"async\" loading=\"lazy\" class=\"wp-image-2464 size-thumbnail alignleft\" src=\"http:\/\/www.slovokult.eu\/wp-content\/uploads\/2018\/09\/District_9_background_3-990x557-150x150.jpg\" alt=\"\" width=\"150\" height=\"150\" \/>::02:: <a href=\"http:\/\/www.slovokult.eu\/index.php\/stav-namesto-strav\/2-distopiska-slika-za-makedonija\/\">\u0414\u0438\u0441\u0442\u043e\u043f\u0438\u0441\u043a\u0430 \u0441\u043b\u0438\u043a\u0430 \u0437\u0430 \u041c\u0430\u043a\u0435\u0434\u043e\u043d\u0438\u0458\u0430<\/a><\/h5>\n<p>&nbsp;<\/p>\n<p>&nbsp;<\/p>\n<p>&nbsp;<\/p>\n<h5><img decoding=\"async\" loading=\"lazy\" class=\"alignleft wp-image-1081 size-thumbnail\" src=\"http:\/\/www.slovokult.eu\/wp-content\/uploads\/2017\/09\/Igor-Isakovski-Photo-150x150.jpg\" alt=\"\" width=\"150\" height=\"150\" srcset=\"https:\/\/www.slovokult.eu\/wp-content\/uploads\/2017\/09\/Igor-Isakovski-Photo-150x150.jpg 150w, https:\/\/www.slovokult.eu\/wp-content\/uploads\/2017\/09\/Igor-Isakovski-Photo-300x300.jpg 300w, https:\/\/www.slovokult.eu\/wp-content\/uploads\/2017\/09\/Igor-Isakovski-Photo-400x400.jpg 400w, https:\/\/www.slovokult.eu\/wp-content\/uploads\/2017\/09\/Igor-Isakovski-Photo.jpg 651w\" sizes=\"(max-width: 150px) 100vw, 150px\" \/>::03::\u00a0<a href=\"http:\/\/www.slovokult.eu\/index.php\/stav-namesto-strav\/03-na-igor-isakovski\/\">\u041d\u0430 \u0418\u0433\u043e\u0440 \u0418\u0441\u0430\u043a\u043e\u0432\u0441\u043a\u0438:: \u0427\u0435\u0442\u0438\u0440\u0438\u0433\u043e\u0434\u0438\u0448\u0435\u043d \u043f\u043e\u043c<\/a><a href=\"http:\/\/www.slovokult.eu\/index.php\/stav-namesto-strav\/03-na-igor-isakovski\/\">\u0435\u043d<\/a><\/h5>\n<p>&nbsp;<\/p>\n<p>&nbsp;<\/p>\n<p>&nbsp;<\/p>\n<h5><img decoding=\"async\" loading=\"lazy\" class=\"wp-image-2771 size-thumbnail alignleft\" src=\"http:\/\/www.slovokult.eu\/wp-content\/uploads\/2019\/02\/51927912_10218210157147848_5787921601949335552_n-150x150.jpg\" alt=\"\" width=\"150\" height=\"150\" \/>:<strong>:04::\u00a0<\/strong><a href=\"http:\/\/www.slovokult.eu\/index.php\/stav-namesto-strav\/wtf\/\">\u041d\u0435\u043a\u0443\u043b\u0442\u0443\u0440\u0430\u0442\u0430 \u0438 \u043d\u0435\u043f\u0438\u0441\u043c\u0435\u043d\u043e\u0441\u0442\u0430 \u043a\u0430\u043a\u043e \u043f\u0440\u0438\u0434\u043e\u0431\u0438\u0432\u043a\u0438 \u043e\u0434 \u043c\u043e\u0434\u0435\u0440\u043d\u0430\u0442\u0430 \u0434\u0440\u0436\u0430\u0432\u0430 \u0432\u043e XXI \u0432\u0435\u043a<\/a><\/h5>\n<p>&nbsp;<\/p>\n<p>&nbsp;<\/p>\n<p>&nbsp;<\/p>\n<h5><strong><img decoding=\"async\" loading=\"lazy\" class=\"alignleft wp-image-5681 size-thumbnail\" src=\"http:\/\/www.slovokult.eu\/wp-content\/uploads\/2023\/03\/the-rosetta-stone-kinetoons-pixabay-150x150.png\" alt=\"\" width=\"150\" height=\"150\" \/>::05::\u00a0<a href=\"http:\/\/www.slovokult.eu\/index.php\/stav-namesto-strav\/prevod-na-poezija\/\">\u201e\u0421\u0420\u0415\u0411\u0420\u041e\u0409\u0423\u0411\u0418\u0412\u0410 \u0418\u041b\u0418 \u0410\u041b\u0427\u041d\u0410 \u0417\u0410 \u041f\u0410\u0420\u0418?\u201c\u00a0\u00a0\u00a0<\/a><\/strong><strong>\u0418\u041b\u0418: \u0417\u0410 \u041f\u0420\u041e\u0411\u041b\u0415\u041c\u0410\u0422\u0418\u041a\u0410\u0422\u0410 \u041f\u0420\u0418 \u041f\u0420\u0415\u0412\u0415\u0414\u0423\u0412\u0410\u040a\u0415 \u041f\u041e\u0415\u0417\u0418\u0408\u0410 \u041e\u0414 \u041c\u0410\u041a\u0415\u0414\u041e\u041d\u0421\u041a\u0418 \u041d\u0410 \u0413\u0415\u0420\u041c\u0410\u041d\u0421\u041a\u0418<\/strong><\/h5>\n<p>&nbsp;<\/p>\n<p>&nbsp;<\/p>\n<p>&nbsp;<\/p>\n<p><img decoding=\"async\" loading=\"lazy\" class=\"wp-image-3720 size-thumbnail alignleft\" src=\"http:\/\/www.slovokult.eu\/wp-content\/uploads\/2019\/10\/1819269_artikeldetail-bild_1spjxj_xpOW9y-150x150.jpg\" alt=\"Umschlagtitel f\u00fcr den Ausstellungskatalog zur Ausstellung &quot;Entartete Kunst&quot; 1937 in M\u00fcnchen mit &quot;Der neue Mensch&quot; von Otto Freundlich (1912). Vor 75 Jahren wollten die Nationalsozialisten zeigen, wie sie die Moderne in Deutschland vernichten w\u00fcrden. Am 19. Juli 1937 er\u00f6ffnete Adolf Ziegler, Pr\u00e4sident der Reichskammer der bildenden K\u00fcnste, die Schau &quot;Entartete Kunst&quot; im leerger\u00e4umten Arch\u00e4ologischen Institut am M\u00fcnchner Hofgarten mit den Worten: &quot;Sie sehen um uns herum diese Ausgeburten des Wahnsinns, der Frechheit, des Nichtk\u00f6nnens und der Entartung.&quot; Und er beschloss seine Rede: &quot;Deutsches Volk, komm und urteile selbst!&quot; Und sie kamen, die Deutschen ? insgesamt str\u00f6mten in vier Monaten zwei Millionen Besucher zu der Ausstellung, so die offiziellen NS-Angaben. Die Namen der K\u00fcnstler, die damals in sieben S\u00e4len diffamiert wurden, stehen heute f\u00fcr die Freiheit der Kunst und den Aufbruch zu Beginn des 20. Jahrhunderts. (Siehe epd-Feature vom 12.07.2012)\" width=\"150\" height=\"150\" \/><\/p>\n<h5>::06:: <a href=\"http:\/\/www.slovokult.eu\/index.php\/stav-namesto-strav\/smrt-na-fashizmot\/\">\u0421\u043c\u0440\u0442 \u043d\u0430 \u0444\u0430\u0448\u0438\u0437\u043c\u043e\u0442 \u2013 \u0441\u043b\u043e\u0431\u043e\u0434\u0430 \u043d\u0430 \u043d\u0430\u0440\u043e\u0434\u043e\u0442!::<\/a><\/h5>\n<p>&nbsp;<\/p>\n<h5><img decoding=\"async\" loading=\"lazy\" class=\"alignleft wp-image-4220 size-thumbnail\" src=\"http:\/\/www.slovokult.eu\/wp-content\/uploads\/2020\/03\/Coronavirus-Quarantine-Graphic-1-150x150.jpg\" alt=\"\" width=\"150\" height=\"150\" \/>::7:: <strong><a href=\"http:\/\/www.slovokult.eu\/index.php\/stav-namesto-strav\/corona-reality-check\/\">Corona :: Reality Check :: 1<\/a> :: <a href=\"http:\/\/www.slovokult.eu\/index.php\/stav-namesto-strav\/corona-reality-check\/2-2\/\">2<\/a> :: <a href=\"http:\/\/www.slovokult.eu\/index.php\/stav-namesto-strav\/corona-reality-check\/3-2\/\">3<\/a> ::<\/strong><\/h5>\n<p>&nbsp;<\/p>\n<p>&nbsp;<\/p>\n<p>&nbsp;<\/p>\n<h5><img decoding=\"async\" loading=\"lazy\" class=\"size-medium wp-image-5682 alignleft\" src=\"http:\/\/www.slovokult.eu\/wp-content\/uploads\/2023\/03\/online-g7ee36e546_1920-300x87.png\" alt=\"\" width=\"300\" height=\"87\" srcset=\"https:\/\/www.slovokult.eu\/wp-content\/uploads\/2023\/03\/online-g7ee36e546_1920-300x87.png 300w, https:\/\/www.slovokult.eu\/wp-content\/uploads\/2023\/03\/online-g7ee36e546_1920-1024x298.png 1024w, https:\/\/www.slovokult.eu\/wp-content\/uploads\/2023\/03\/online-g7ee36e546_1920-768x224.png 768w, https:\/\/www.slovokult.eu\/wp-content\/uploads\/2023\/03\/online-g7ee36e546_1920-1536x447.png 1536w, https:\/\/www.slovokult.eu\/wp-content\/uploads\/2023\/03\/online-g7ee36e546_1920-400x116.png 400w, https:\/\/www.slovokult.eu\/wp-content\/uploads\/2023\/03\/online-g7ee36e546_1920.png 1920w\" sizes=\"(max-width: 300px) 100vw, 300px\" \/>::08:: <a href=\"http:\/\/www.slovokult.eu\/index.php\/stav-namesto-strav\/08-shkolo-vo-vreme-na-korona\/\">\u0428\u043a\u043e\u043b\u043e \u0432\u043e \u0432\u0440\u0435\u043c\u0435 \u043d\u0430 \u043a\u043e\u0440\u043e\u043d\u0430<\/a> ::<\/h5>\n<p>&nbsp;<\/p>\n<p>&nbsp;<\/p>\n<h5><img decoding=\"async\" loading=\"lazy\" class=\"wp-image-4567 size-thumbnail alignleft\" src=\"http:\/\/www.slovokult.eu\/wp-content\/uploads\/2020\/07\/osmanli-paradoksion-150x150.jpg\" alt=\"\" width=\"150\" height=\"150\" \/>::09:: \u00a0<a href=\"http:\/\/www.slovokult.eu\/index.php\/stav-namesto-strav\/09-tomislav-osmanli\/\">\u0422\u043e\u043c\u0438\u0441\u043b\u0430\u0432 \u041e\u0441\u043c\u0430\u043d\u043b\u0438 :: \u043a\u043e\u043d :: \u041f\u0430\u0440\u0430\u0434\u043e\u043a\u0441\u0438\u043e\u043d ::\u00a0<\/a><span style=\"font-size: 16px;\">\u041f\u041e\u0422\u041e\u041f\u041e\u0422 \u041d\u0410 \u0426\u0418\u0412\u0418\u041b\u0418\u0417\u0410\u0426\u0418\u0408\u0410\u0422\u0410 \u0412\u0415\u0422\u0423\u0412\u0410 \u2013 \u040c\u0415 \u041d\u040d \u0411\u0418\u0414\u0415 \u041f\u041e\u0414\u041e\u0411\u0420\u041e\u00a0<\/span><span style=\"font-size: 16px;\">\u0410\u041a\u041e \u041f\u041e\u0427\u041d\u0415\u041c\u0415 \u0414\u0410 \u0414\u0418\u0428\u0415\u041c\u0415 \u041d\u0410 \u0428\u041a\u0420\u0413\u0418<\/span><\/h5>\n<p>&nbsp;<\/p>\n<p>&nbsp;<\/p>\n<p>&nbsp;<\/p>\n<p><img decoding=\"async\" loading=\"lazy\" class=\"wp-image-5649 size-thumbnail alignleft\" src=\"http:\/\/www.slovokult.eu\/wp-content\/uploads\/2023\/03\/egonetix_xyz_pixabay-150x150.jpg\" alt=\"\" width=\"150\" height=\"150\" \/><\/p>\n<h5 style=\"font-weight: 400;\"><a href=\"http:\/\/www.slovokult.eu\/index.php\/stav-namesto-strav\/sovremenost-i-strav-od-veshtachka-inteligencija\/\"><strong>:: 10:: \u0417\u0430 \u0441\u043e\u0432\u0440\u0435\u043c\u0435\u043d\u043e\u0441\u0442\u0430 \u0438 \u0441\u0442\u0440\u0430\u0432\u043e\u0442 \u043e\u0434 \u0432\u0435\u0448\u0442\u0430\u0447\u043a\u0430 \u0438\u043d\u0442\u0435\u043b\u0438\u0433\u0435\u043d\u0446\u0438\u0458\u0430<\/strong><\/a><br \/>\n<strong>(\u0412\u043e \u043d\u0435\u0434\u043e\u0441\u0442\u0430\u0442\u043e\u043a \u043d\u0430 \u043f\u0440\u0438\u0440\u043e\u0434\u043d\u0430 \u0438\u043d\u0442\u0435\u043b\u0438\u0433\u0435\u043d\u0446\u0438\u0458\u0430, \u0442\u043e\u0430 \u0435 \u0441\u0435\u043a\u0430\u043a\u043e \u043e\u043f\u0440\u0430\u0432\u0434\u0430\u043d \u0441\u0442\u0440\u0430\u0432)<\/strong><\/h5>\n","protected":false},"excerpt":{"rendered":"<p>\u0421\u0442\u0430\u0432 \u043d\u0430\u043c\u0435\u0441\u0442\u043e \u0421\u0442\u0440\u0430\u0432 \u0421\u0442\u0430\u0432\u043e\u0432\u0438 \u0438 \u0441\u0442\u0440\u0430\u0432\u043e\u0432\u0438 \u0438\u043c\u0430\u043c\u0435 \u0441\u0438\u0442\u0435, \u043c\u043e\u0436\u0435\u0431\u0438 \u043f\u043e\u0432\u0435\u045c\u0435 \u0441\u0442\u0440\u0430\u0432\u043e\u0432\u0438 \u043e\u0442\u043a\u043e\u043b\u043a\u0443 \u0441\u0442\u0430\u0432\u043e\u0432\u0438, \u0448\u0442\u043e \u0435 \u043d\u0430\u0432\u0438\u0441\u0442\u0438\u043d\u0430 \u0436\u0430\u043b\u043d\u043e. \u0412\u043e \u0434\u0432\u0430\u0435\u0441\u0435\u0442 \u0438 \u043f\u0440\u0432\u0438 \u0432\u0435\u043a \u0431\u0438 \u0431\u0438\u043b\u043e \u0440\u0435\u0434\u043d\u043e \u0438 \u043b\u043e\u0433\u0438\u0447\u043d\u043e \u0434\u0430 \u0441\u0435 \u043d\u0430\u0434\u043c\u0438\u043d\u0430\u0442 \u0441\u0442\u0440\u0430\u0432\u043e\u0432\u0438\u0442\u0435 \u0438 \u0434\u0430 \u0441\u0435 \u0437\u0430\u0458\u0430\u043a\u043d\u0430\u0442 \u0441\u0442\u0430\u0432\u043e\u0432\u0438\u0442\u0435, \u043d\u043e \u0442\u043e\u0430 \u043d\u0435\u043a\u0430\u043a\u043e \u043d\u0435 \u0441\u0435 \u0441\u043b\u0443\u0447\u0443\u0432\u0430. \u0421\u043e \u043e\u0432\u0430\u0430 \u0440\u0443\u0431\u0440\u0438\u043a\u0430 [&hellip;]<\/p>\n","protected":false},"author":1,"featured_media":2775,"parent":0,"menu_order":0,"comment_status":"closed","ping_status":"closed","template":"","meta":{"footnotes":""},"_links":{"self":[{"href":"https:\/\/www.slovokult.eu\/index.php\/wp-json\/wp\/v2\/pages\/1707"}],"collection":[{"href":"https:\/\/www.slovokult.eu\/index.php\/wp-json\/wp\/v2\/pages"}],"about":[{"href":"https:\/\/www.slovokult.eu\/index.php\/wp-json\/wp\/v2\/types\/page"}],"author":[{"embeddable":true,"href":"https:\/\/www.slovokult.eu\/index.php\/wp-json\/wp\/v2\/users\/1"}],"replies":[{"embeddable":true,"href":"https:\/\/www.slovokult.eu\/index.php\/wp-json\/wp\/v2\/comments?post=1707"}],"version-history":[{"count":44,"href":"https:\/\/www.slovokult.eu\/index.php\/wp-json\/wp\/v2\/pages\/1707\/revisions"}],"predecessor-version":[{"id":5689,"href":"https:\/\/www.slovokult.eu\/index.php\/wp-json\/wp\/v2\/pages\/1707\/revisions\/5689"}],"wp:featuredmedia":[{"embeddable":true,"href":"https:\/\/www.slovokult.eu\/index.php\/wp-json\/wp\/v2\/media\/2775"}],"wp:attachment":[{"href":"https:\/\/www.slovokult.eu\/index.php\/wp-json\/wp\/v2\/media?parent=1707"}],"curies":[{"name":"wp","href":"https:\/\/api.w.org\/{rel}","templated":true}]}}